{"id":120,"date":"2011-11-12T12:16:36","date_gmt":"2011-11-12T12:16:36","guid":{"rendered":"https:\/\/2012.norway.wordcamp.org\/?page_id=120"},"modified":"2012-10-10T15:53:50","modified_gmt":"2012-10-10T14:53:50","slug":"bli-sponsor","status":"publish","type":"page","link":"https:\/\/norway.wordcamp.org\/2012\/sponsorer\/bli-sponsor\/","title":{"rendered":"Bli sponsor"},"content":{"rendered":"<p>For f\u00f8rste gang arrangeres WordCamp i Norge. Vi kommer til \u00e5 samle over 100 deltakere i hele spekteret fra spesialistene til entusiastiske amat\u00f8rer. Programmet er variert og foredragene vil dekke alt fra utvikling til forretningsnytte.<\/p>\n<p>WordCamp er en fantastisk mulighet for \u00e5 profilere din bedrift og vi tilbyr ulike sponsorpakker som gir sponsorene god promotering.<\/p>\n<table cellspacing=\"0\" cellpadding=\"0\">\n<tbody>\n<tr>\n<td valign=\"top\"><\/td>\n<td valign=\"top\"><strong>Gull<\/strong><\/td>\n<td valign=\"top\"><strong>S\u00f8lv<\/strong><\/td>\n<td valign=\"top\"><strong>Bronse<\/strong><\/td>\n<\/tr>\n<tr class=\"alternate-row\">\n<td valign=\"top\">Mulighet til \u00e5 holde en kort presentasjon fra podiet<\/td>\n<td style=\"text-align: center\" valign=\"top\">X<\/td>\n<td style=\"text-align: center\" valign=\"top\">&#8211;<\/td>\n<td style=\"text-align: center\" valign=\"top\">&#8211;<\/td>\n<\/tr>\n<tr>\n<td valign=\"top\">Blir nevnt i nyhetsbrev<\/td>\n<td style=\"text-align: center\" valign=\"top\">X<\/td>\n<td style=\"text-align: center\" valign=\"top\">&#8211;<\/td>\n<td style=\"text-align: center\" valign=\"top\">&#8211;<\/td>\n<\/tr>\n<tr class=\"alternate-row\">\n<td valign=\"top\">Topplisting p\u00e5 sponsorflyer<\/td>\n<td style=\"text-align: center\" valign=\"top\">X<\/td>\n<td style=\"text-align: center\" valign=\"top\">&#8211;<\/td>\n<td style=\"text-align: center\" valign=\"top\">&#8211;<\/td>\n<\/tr>\n<tr>\n<td valign=\"top\">Navn p\u00e5 sponsorflyer<\/td>\n<td style=\"text-align: center\" valign=\"top\">X<\/td>\n<td style=\"text-align: center\" valign=\"top\">X<\/td>\n<td style=\"text-align: center\" valign=\"top\">&#8211;<\/td>\n<\/tr>\n<tr class=\"alternate-row\">\n<td valign=\"top\">Logo p\u00e5 skjermen i pauser<\/td>\n<td style=\"text-align: center\" valign=\"top\">X<\/td>\n<td style=\"text-align: center\" valign=\"top\">X<\/td>\n<td style=\"text-align: center\" valign=\"top\">&#8211;<\/td>\n<\/tr>\n<tr>\n<td valign=\"top\">Takkes fra podiet<\/td>\n<td style=\"text-align: center\" valign=\"top\">X<\/td>\n<td style=\"text-align: center\" valign=\"top\">X<\/td>\n<td style=\"text-align: center\" valign=\"top\">&#8211;<\/td>\n<\/tr>\n<tr class=\"alternate-row\">\n<td valign=\"top\">Logo p\u00e5 navneskilt og progam<\/td>\n<td style=\"text-align: center\" valign=\"top\">X<\/td>\n<td style=\"text-align: center\" valign=\"top\">X<\/td>\n<td style=\"text-align: center\" valign=\"top\">&#8211;<\/td>\n<\/tr>\n<tr>\n<td valign=\"top\">Presenteres med tekst p\u00e5 nettsiden<\/td>\n<td style=\"text-align: center\" valign=\"top\">X<\/td>\n<td style=\"text-align: center\" valign=\"top\">X<\/td>\n<td style=\"text-align: center\" valign=\"top\">X<\/td>\n<\/tr>\n<tr class=\"alternate-row\">\n<td valign=\"top\">Logo p\u00e5 website<\/td>\n<td style=\"text-align: center\" valign=\"top\">X<\/td>\n<td style=\"text-align: center\" valign=\"top\">X<\/td>\n<td style=\"text-align: center\" valign=\"top\">X<\/td>\n<\/tr>\n<tr>\n<td valign=\"top\">Mulighet til \u00e5 plassere ting p\u00e5 sponsorbordet<\/td>\n<td style=\"text-align: center\" valign=\"top\">X<\/td>\n<td style=\"text-align: center\" valign=\"top\">X<\/td>\n<td style=\"text-align: center\" valign=\"top\">X<\/td>\n<\/tr>\n<tr class=\"alternate-row\">\n<td valign=\"top\">Gratisbilletter<\/td>\n<td style=\"text-align: center\" valign=\"top\">3<\/td>\n<td style=\"text-align: center\" valign=\"top\">1<\/td>\n<td style=\"text-align: center\" valign=\"top\">&#8211;<\/td>\n<\/tr>\n<tr>\n<td valign=\"top\">Antall tilgjengelige sponsorpakker<\/td>\n<td style=\"text-align: center\" valign=\"top\">3<\/td>\n<td style=\"text-align: center\" valign=\"top\">5<\/td>\n<td style=\"text-align: center\" valign=\"top\">5<\/td>\n<\/tr>\n<tr class=\"alternate-row\">\n<td valign=\"top\">Pris<\/td>\n<td style=\"text-align: center\" valign=\"top\">NOK 35.000,-<\/td>\n<td style=\"text-align: center\" valign=\"top\">NOK 15.000,-<\/td>\n<td style=\"text-align: center\" valign=\"top\">NOK 5.000,-<\/td>\n<\/tr>\n<\/tbody>\n<\/table>\n<p>\u00d8nsker du \u00e5 bli sponsor ber vi deg ta <a title=\"Kontakt\" href=\"https:\/\/2012.norway.wordcamp.org\/kontakt\/\">kontakt<\/a>.<\/p>\n","protected":false},"excerpt":{"rendered":"<p>For f\u00f8rste gang arrangeres WordCamp i Norge. Vi kommer til \u00e5 samle over 100 deltakere i hele spekteret fra spesialistene til entusiastiske amat\u00f8rer. Programmet er variert og foredragene vil dekke alt fra utvikling til forretningsnytte. WordCamp er en fantastisk mulighet &hellip; <a href=\"https:\/\/norway.wordcamp.org\/2012\/sponsorer\/bli-sponsor\/\">Continue reading <span class=\"screen-reader-text\">Bli sponsor<\/span>  <span class=\"meta-nav\">&rarr;<\/span><\/a><\/p>\n","protected":false},"author":5716614,"featured_media":0,"parent":51,"menu_order":0,"comment_status":"closed","ping_status":"closed","template":"","meta":{"jetpack_post_was_ever_published":false,"footnotes":""},"class_list":["post-120","page","type-page","status-publish","hentry"],"jetpack_shortlink":"https:\/\/wp.me\/P1DhKf-1W","jetpack_sharing_enabled":true,"_links":{"self":[{"href":"https:\/\/norway.wordcamp.org\/2012\/wp-json\/wp\/v2\/pages\/120","targetHints":{"allow":["GET"]}}],"collection":[{"href":"https:\/\/norway.wordcamp.org\/2012\/wp-json\/wp\/v2\/pages"}],"about":[{"href":"https:\/\/norway.wordcamp.org\/2012\/wp-json\/wp\/v2\/types\/page"}],"author":[{"embeddable":true,"href":"https:\/\/norway.wordcamp.org\/2012\/wp-json\/wp\/v2\/users\/5716614"}],"replies":[{"embeddable":true,"href":"https:\/\/norway.wordcamp.org\/2012\/wp-json\/wp\/v2\/comments?post=120"}],"version-history":[{"count":20,"href":"https:\/\/norway.wordcamp.org\/2012\/wp-json\/wp\/v2\/pages\/120\/revisions"}],"predecessor-version":[{"id":956,"href":"https:\/\/norway.wordcamp.org\/2012\/wp-json\/wp\/v2\/pages\/120\/revisions\/956"}],"up":[{"embeddable":true,"href":"https:\/\/norway.wordcamp.org\/2012\/wp-json\/wp\/v2\/pages\/51"}],"wp:attachment":[{"href":"https:\/\/norway.wordcamp.org\/2012\/wp-json\/wp\/v2\/media?parent=120"}],"curies":[{"name":"wp","href":"https:\/\/api.w.org\/{rel}","templated":true}]}}