{"id":37,"date":"2011-11-12T10:32:58","date_gmt":"2011-11-12T10:32:58","guid":{"rendered":"https:\/\/2012.norway.wordcamp.org\/?page_id=37"},"modified":"2012-10-10T15:57:18","modified_gmt":"2012-10-10T14:57:18","slug":"om","status":"publish","type":"page","link":"https:\/\/norway.wordcamp.org\/2012\/om\/","title":{"rendered":"Om"},"content":{"rendered":"<h2>Hvorfor WordCamp<\/h2>\n<p>Vi har et aktivt m\u00e5nedlig <a title=\"Oslo WordPress Meetup\" href=\"http:\/\/www.meetup.com\/Oslo-WordPress-Meetup-Group\/\" target=\"_blank\">Meetupbasert<\/a> samfunn i Oslo som samler folk fra store deler av landet med et m\u00e5l om \u00e5 skape et forum der alle som har en relasjon til WordPress kan m\u00f8tes og dele erfaringer. Vi har sm\u00e5 og st\u00f8rre foredrag p\u00e5 hvert m\u00f8te der noen bidrar med en presentasjon, demonstrasjon eller kodeeksempler som alle kan ta med seg videre og ta med i sitt eget arbeid. S\u00e5 n\u00e5r vi allerede har disse treffene, hvorfor er det da n\u00f8dvendig med en WordCamp?<\/p>\n<h2>Hva er WordCamp?<\/h2>\n<p>WordCamp er en st\u00f8rre samling der vi kan m\u00f8te enda flere enn p\u00e5 en Meetup. Her blir det seminarer med kjente folk fra WordPress samfunnet. Seminarene er sterkt fokusert p\u00e5 bruka av og utvikling med WordPress som platform.<\/p>\n<p>WordPress er\u00a0basert\u00a0p\u00e5 \u00e5pen kildekode og WordCamp har ogs\u00e5 en sterk tradisjon for \u00e5 v\u00e6re et \u00e5pent forum der alle kan v\u00e6re med og dele sine erfaringer, uavhengig av hvilket forhold de har til WordPress fra f\u00f8r av. WordCamp \u00f8nsker ogs\u00e5 \u00e5 ha et overkommelig prisniv\u00e5 s\u00e5 alle kan delta.<\/p>\n<h2>Hvordan melder jeg meg p\u00e5?<\/h2>\n<p>G\u00e5 til <a href=\"https:\/\/2012.norway.wordcamp.org\/pamelding\/\" target=\"_blank\">p\u00e5meldingssiden<\/a> for \u00e5 melde deg p\u00e5 og kj\u00f8pe bilett til WordCamp Norway 2012.<\/p>\n","protected":false},"excerpt":{"rendered":"<p>Hvorfor WordCamp Vi har et aktivt m\u00e5nedlig Meetupbasert samfunn i Oslo som samler folk fra store deler av landet med et m\u00e5l om \u00e5 skape et forum der alle som har en relasjon til WordPress kan m\u00f8tes og dele erfaringer. &hellip; <a href=\"https:\/\/norway.wordcamp.org\/2012\/om\/\">Continue reading <span class=\"screen-reader-text\">Om<\/span>  <span class=\"meta-nav\">&rarr;<\/span><\/a><\/p>\n","protected":false},"author":5716614,"featured_media":0,"parent":0,"menu_order":0,"comment_status":"closed","ping_status":"open","template":"","meta":{"jetpack_post_was_ever_published":false,"footnotes":""},"class_list":["post-37","page","type-page","status-publish","hentry"],"jetpack_shortlink":"https:\/\/wp.me\/P1DhKf-B","jetpack_sharing_enabled":true,"_links":{"self":[{"href":"https:\/\/norway.wordcamp.org\/2012\/wp-json\/wp\/v2\/pages\/37","targetHints":{"allow":["GET"]}}],"collection":[{"href":"https:\/\/norway.wordcamp.org\/2012\/wp-json\/wp\/v2\/pages"}],"about":[{"href":"https:\/\/norway.wordcamp.org\/2012\/wp-json\/wp\/v2\/types\/page"}],"author":[{"embeddable":true,"href":"https:\/\/norway.wordcamp.org\/2012\/wp-json\/wp\/v2\/users\/5716614"}],"replies":[{"embeddable":true,"href":"https:\/\/norway.wordcamp.org\/2012\/wp-json\/wp\/v2\/comments?post=37"}],"version-history":[{"count":10,"href":"https:\/\/norway.wordcamp.org\/2012\/wp-json\/wp\/v2\/pages\/37\/revisions"}],"predecessor-version":[{"id":967,"href":"https:\/\/norway.wordcamp.org\/2012\/wp-json\/wp\/v2\/pages\/37\/revisions\/967"}],"wp:attachment":[{"href":"https:\/\/norway.wordcamp.org\/2012\/wp-json\/wp\/v2\/media?parent=37"}],"curies":[{"name":"wp","href":"https:\/\/api.w.org\/{rel}","templated":true}]}}