{"id":44,"date":"2011-11-12T10:47:47","date_gmt":"2011-11-12T10:47:47","guid":{"rendered":"https:\/\/2012.norway.wordcamp.org\/?page_id=44"},"modified":"2012-10-10T15:56:45","modified_gmt":"2012-10-10T14:56:45","slug":"hvor","status":"publish","type":"page","link":"https:\/\/norway.wordcamp.org\/2012\/hvor\/","title":{"rendered":"Hvor"},"content":{"rendered":"<p><a href=\"https:\/\/2012.norway.wordcamp.org\/files\/2011\/11\/thon-opera.jpg\"><img loading=\"lazy\" decoding=\"async\" class=\"alignnone size-full wp-image-367\" src=\"https:\/\/2012.norway.wordcamp.org\/files\/2011\/11\/thon-opera.jpg\" alt=\"\" width=\"610\" height=\"330\" srcset=\"https:\/\/norway.wordcamp.org\/2012\/files\/2011\/11\/thon-opera.jpg 610w, https:\/\/norway.wordcamp.org\/2012\/files\/2011\/11\/thon-opera-300x162.jpg 300w\" sizes=\"auto, (max-width: 610px) 100vw, 610px\" \/><\/a><\/p>\n<p>WordCamp Norway 2012 vi bli holdt p\u00e5 Thon Hotel Opera.\u00a0Thon Hotel Opera ligger ved flytogterminalen p\u00e5 Oslo Sentralstasjon. All offentlig transport finner du rett utenfor d\u00f8ren. Hotellet har flott utsikt over Oslofjorden og Operaen i Bj\u00f8rvika.<\/p>\n<h3>Ankomst med bil<\/h3>\n<p>Ved ankomst med bil kan skilt merket med &#8220;Oslo S\/Oslo Sentralbanestasjon&#8221; f\u00f8lges. Du vil da komme direkte til hotellet.<\/p>\n<h3>Parkering<\/h3>\n<p>Du kan parkere i Oslo S parkeringshus. Dette drives av\u00a0<a href=\"http:\/\/www.europark.no\/\">Europark<\/a>.<\/p>\n<h3>Ankomst med tog<\/h3>\n<p>Alle tog stopper p\u00e5 Oslo S. Vennligst benytt\u00a0<strong>utgang syd<\/strong>\u00a0p\u00e5 Oslo S for \u00e5 komme til hotellet. Flytogterminalen er rett utenfor hotellet.<\/p>\n<h3>Ankomst Flybuss<\/h3>\n<p>Flybussen stopper ca 10 minutters gange fra hotellet. Holdeplassen &#8220;Oslo Bussterminal&#8221; er n\u00e6rmest.<\/p>\n<h3>Ankomst med kollektivtransport<\/h3>\n<p>T-bane: Ta alle t-banenes linjer. N\u00e6rmeste stasjon er &#8220;Jernbanetorget&#8221;.<\/p>\n","protected":false},"excerpt":{"rendered":"<p>WordCamp Norway 2012 vi bli holdt p\u00e5 Thon Hotel Opera.\u00a0Thon Hotel Opera ligger ved flytogterminalen p\u00e5 Oslo Sentralstasjon. All offentlig transport finner du rett utenfor d\u00f8ren. Hotellet har flott utsikt over Oslofjorden og Operaen i Bj\u00f8rvika. Ankomst med bil Ved &hellip; <a href=\"https:\/\/norway.wordcamp.org\/2012\/hvor\/\">Continue reading <span class=\"screen-reader-text\">Hvor<\/span>  <span class=\"meta-nav\">&rarr;<\/span><\/a><\/p>\n","protected":false},"author":5716614,"featured_media":0,"parent":0,"menu_order":0,"comment_status":"closed","ping_status":"closed","template":"","meta":{"jetpack_post_was_ever_published":false,"footnotes":""},"class_list":["post-44","page","type-page","status-publish","hentry"],"jetpack_shortlink":"https:\/\/wp.me\/P1DhKf-I","jetpack_sharing_enabled":true,"_links":{"self":[{"href":"https:\/\/norway.wordcamp.org\/2012\/wp-json\/wp\/v2\/pages\/44","targetHints":{"allow":["GET"]}}],"collection":[{"href":"https:\/\/norway.wordcamp.org\/2012\/wp-json\/wp\/v2\/pages"}],"about":[{"href":"https:\/\/norway.wordcamp.org\/2012\/wp-json\/wp\/v2\/types\/page"}],"author":[{"embeddable":true,"href":"https:\/\/norway.wordcamp.org\/2012\/wp-json\/wp\/v2\/users\/5716614"}],"replies":[{"embeddable":true,"href":"https:\/\/norway.wordcamp.org\/2012\/wp-json\/wp\/v2\/comments?post=44"}],"version-history":[{"count":11,"href":"https:\/\/norway.wordcamp.org\/2012\/wp-json\/wp\/v2\/pages\/44\/revisions"}],"predecessor-version":[{"id":965,"href":"https:\/\/norway.wordcamp.org\/2012\/wp-json\/wp\/v2\/pages\/44\/revisions\/965"}],"wp:attachment":[{"href":"https:\/\/norway.wordcamp.org\/2012\/wp-json\/wp\/v2\/media?parent=44"}],"curies":[{"name":"wp","href":"https:\/\/api.w.org\/{rel}","templated":true}]}}