{"id":67,"date":"2011-11-12T10:57:22","date_gmt":"2011-11-12T10:57:22","guid":{"rendered":"https:\/\/2012.norway.wordcamp.org\/?page_id=67"},"modified":"2012-10-10T15:54:25","modified_gmt":"2012-10-10T14:54:25","slug":"overnatting","status":"publish","type":"page","link":"https:\/\/norway.wordcamp.org\/2012\/hvor\/overnatting\/","title":{"rendered":"Overnatting"},"content":{"rendered":"<p><img loading=\"lazy\" decoding=\"async\" class=\"size-medium wp-image-484 alignleft\" src=\"https:\/\/2012.norway.wordcamp.org\/files\/2011\/11\/Screen-Shot-2011-12-07-at-12.39.18--300x297.png\" alt=\"\" width=\"300\" height=\"297\" srcset=\"https:\/\/norway.wordcamp.org\/2012\/files\/2011\/11\/Screen-Shot-2011-12-07-at-12.39.18--300x297.png 300w, https:\/\/norway.wordcamp.org\/2012\/files\/2011\/11\/Screen-Shot-2011-12-07-at-12.39.18--150x150.png 150w, https:\/\/norway.wordcamp.org\/2012\/files\/2011\/11\/Screen-Shot-2011-12-07-at-12.39.18-.png 330w\" sizes=\"auto, (max-width: 300px) 100vw, 300px\" \/>Som deltaker p\u00e5 WordCamp f\u00e5r du redusert pris p\u00e5 <a href=\"http:\/\/www.thonhotels.no\/hoteller\/land\/norge\/oslo\/thon-hotel-opera\/\">Thon Hotel Opera<\/a> hvor WordCamp arrangeres. Du kan velge mellom enkeltrom (1.095,- per natt) eller dobbeltrom (1.295,- per natt) inkludert frokost.<\/p>\n<p>For \u00e5 f\u00e5 den rabatterte prisen bestiller du ved \u00e5 kontakte hotellet direkte p\u00e5 opera@thonhotels.no eller telefon 24103030.<\/p>\n<p>Oppgi referansenummer 9080541.<\/p>\n<h2>Andre hotell<\/h2>\n<div class=\"googlemaps\">\n\t\t\t\t<iframe loading=\"lazy\" width=\"610\" height=\"350\" frameborder=\"0\" scrolling=\"no\" marginheight=\"0\" marginwidth=\"0\"  src=\"https:\/\/maps.google.com\/maps?f=q&#038;source=s_q&#038;hl=en&#038;geocode=&#038;q=Hotels%20near%20Oslo%20S,%20Oslo,%20Norway&#038;aq=1&#038;sll=59.916526,10.739951&#038;sspn=0.011401,0.038581&#038;vpsrc=6&#038;ie=UTF8&#038;hnear=Oslo%20S&#038;t=m&#038;ll=59.911191,10.749693&#038;spn=0.00753,0.026178&#038;z=15&#038;output=embed\"><\/iframe>\n\t\t\t<\/div>\n","protected":false},"excerpt":{"rendered":"<p>Som deltaker p\u00e5 WordCamp f\u00e5r du redusert pris p\u00e5 Thon Hotel Opera hvor WordCamp arrangeres. Du kan velge mellom enkeltrom (1.095,- per natt) eller dobbeltrom (1.295,- per natt) inkludert frokost. For \u00e5 f\u00e5 den rabatterte prisen bestiller du ved \u00e5 &hellip; <a href=\"https:\/\/norway.wordcamp.org\/2012\/hvor\/overnatting\/\">Continue reading <span class=\"screen-reader-text\">Overnatting<\/span>  <span class=\"meta-nav\">&rarr;<\/span><\/a><\/p>\n","protected":false},"author":5716614,"featured_media":0,"parent":44,"menu_order":0,"comment_status":"closed","ping_status":"open","template":"","meta":{"jetpack_post_was_ever_published":false,"footnotes":""},"class_list":["post-67","page","type-page","status-publish","hentry"],"jetpack_shortlink":"https:\/\/wp.me\/P1DhKf-15","jetpack_sharing_enabled":true,"_links":{"self":[{"href":"https:\/\/norway.wordcamp.org\/2012\/wp-json\/wp\/v2\/pages\/67","targetHints":{"allow":["GET"]}}],"collection":[{"href":"https:\/\/norway.wordcamp.org\/2012\/wp-json\/wp\/v2\/pages"}],"about":[{"href":"https:\/\/norway.wordcamp.org\/2012\/wp-json\/wp\/v2\/types\/page"}],"author":[{"embeddable":true,"href":"https:\/\/norway.wordcamp.org\/2012\/wp-json\/wp\/v2\/users\/5716614"}],"replies":[{"embeddable":true,"href":"https:\/\/norway.wordcamp.org\/2012\/wp-json\/wp\/v2\/comments?post=67"}],"version-history":[{"count":11,"href":"https:\/\/norway.wordcamp.org\/2012\/wp-json\/wp\/v2\/pages\/67\/revisions"}],"predecessor-version":[{"id":958,"href":"https:\/\/norway.wordcamp.org\/2012\/wp-json\/wp\/v2\/pages\/67\/revisions\/958"}],"up":[{"embeddable":true,"href":"https:\/\/norway.wordcamp.org\/2012\/wp-json\/wp\/v2\/pages\/44"}],"wp:attachment":[{"href":"https:\/\/norway.wordcamp.org\/2012\/wp-json\/wp\/v2\/media?parent=67"}],"curies":[{"name":"wp","href":"https:\/\/api.w.org\/{rel}","templated":true}]}}