{"id":304,"date":"2012-11-23T16:56:42","date_gmt":"2012-11-23T15:56:42","guid":{"rendered":"https:\/\/2013.norway.wordcamp.org\/?page_id=304"},"modified":"2013-01-18T16:18:57","modified_gmt":"2013-01-18T15:18:57","slug":"sponsorer","status":"publish","type":"page","link":"https:\/\/norway.wordcamp.org\/2013\/sponsorer\/","title":{"rendered":"Sponsorer"},"content":{"rendered":"\n\t\t<div class=\"sponsors\">\n\t\t\t\t\t\t\t\n\t\t\t\t<div class=\"sponsor-level diamond\">\n\t\t\t\t\t<h2 class=\"sponsor-level-title\">\n\t\t\t\t\t\tDiamond\t\t\t\t\t<\/h2>\n\n\t\t\t\t\t\n\t\t\t\t\t<div id=\"post-1046\" class=\"sponsor post-1046 wcb_sponsor type-wcb_sponsor status-publish has-post-thumbnail hentry wcb_sponsor_level-diamond\" >\n\t\t\t\t\t\t<h3 class=\"entry-title sponsor-title\">\n\t\t\t\t\t\t\t<a href=\"https:\/\/norway.wordcamp.org\/2013\/sponsor\/metronet-2\/\">\n\t\t\t\t\t\t\t\t<img loading=\"lazy\" decoding=\"async\" width=\"500\" height=\"134\" src=\"https:\/\/norway.wordcamp.org\/2013\/files\/2013\/01\/metro-bnr-copy.jpg\" class=\"attachment-post-thumbnail size-post-thumbnail wp-post-image\" alt=\"\" srcset=\"https:\/\/norway.wordcamp.org\/2013\/files\/2013\/01\/metro-bnr-copy.jpg 500w, https:\/\/norway.wordcamp.org\/2013\/files\/2013\/01\/metro-bnr-copy-300x80.jpg 300w\" sizes=\"auto, (max-width: 500px) 100vw, 500px\" \/>\t\t\t\t\t\t\t<\/a>\n\t\t\t\t\t\t<\/h3>\n\n\t\t\t\t\t\t<div class=\"entry-content sponsor-description\">\n\t\t\t\t\t\t\t<p>Interesserer du deg for noe, blir du flink i det. Blir du flink i noe, \u00f8nsker du \u00e5 bli best. \u00d8nsker du \u00e5 bli best, slutter du aldri \u00e5 utforske. Dette er formelen bak alle som jobber i Metronet. Metronet best\u00e5r nemlig av en stor og engasjert gjeng, som brenner for strategisk r\u00e5dgivning, design og utvikling av digitale l\u00f8sninger. Dette skinner igjennom i alt Metronet produserer, og de har derfor jobbet med flere spennende offentlige, statlige og private kunder siden 2007. <\/p>\n\t\t\t\t\t\t<\/div>\n\t\t\t\t\t<\/div>\n\n\t\t\t\t\t\n\t\t\t\t<\/div>\n\t\t\t\t\t\t\t\n\t\t\t\t<div class=\"sponsor-level gold\">\n\t\t\t\t\t<h2 class=\"sponsor-level-title\">\n\t\t\t\t\t\tGold\t\t\t\t\t<\/h2>\n\n\t\t\t\t\t\n\t\t\t\t\t<div id=\"post-944\" class=\"sponsor post-944 wcb_sponsor type-wcb_sponsor status-publish has-post-thumbnail hentry wcb_sponsor_level-gold\" >\n\t\t\t\t\t\t<h3 class=\"entry-title sponsor-title\">\n\t\t\t\t\t\t\t<a href=\"https:\/\/norway.wordcamp.org\/2013\/sponsor\/code-poet\/\">\n\t\t\t\t\t\t\t\t<img loading=\"lazy\" decoding=\"async\" width=\"500\" height=\"150\" src=\"https:\/\/norway.wordcamp.org\/2013\/files\/2013\/01\/codepoet.png\" class=\"attachment-post-thumbnail size-post-thumbnail wp-post-image\" alt=\"\" srcset=\"https:\/\/norway.wordcamp.org\/2013\/files\/2013\/01\/codepoet.png 500w, https:\/\/norway.wordcamp.org\/2013\/files\/2013\/01\/codepoet-300x90.png 300w\" sizes=\"auto, (max-width: 500px) 100vw, 500px\" \/>\t\t\t\t\t\t\t<\/a>\n\t\t\t\t\t\t<\/h3>\n\n\t\t\t\t\t\t<div class=\"entry-content sponsor-description\">\n\t\t\t\t\t\t\t<p>Code Poet best\u00e5r av seks kloke WordPress-hoder, som jobber for at alle skal skj\u00f8nne, bruke og utnytte WordPress til det ytterste. De kaller seg selv kodepoeter, og vil du vite mer om Code Poet, s\u00e5 foresl\u00e5r vi at du klikker <a href=\"http:\/\/build.codepoet.com\/\" rel=\"nofollow\"> her<\/a>.<\/p>\n\t\t\t\t\t\t<\/div>\n\t\t\t\t\t<\/div>\n\n\t\t\t\t\t\n\t\t\t\t<\/div>\n\t\t\t\t\t\t\t\n\t\t\t\t<div class=\"sponsor-level silver\">\n\t\t\t\t\t<h2 class=\"sponsor-level-title\">\n\t\t\t\t\t\tSilver\t\t\t\t\t<\/h2>\n\n\t\t\t\t\t\n\t\t\t\t\t<div id=\"post-951\" class=\"sponsor post-951 wcb_sponsor type-wcb_sponsor status-publish has-post-thumbnail hentry wcb_sponsor_level-silver\" >\n\t\t\t\t\t\t<h3 class=\"entry-title sponsor-title\">\n\t\t\t\t\t\t\t<a href=\"https:\/\/norway.wordcamp.org\/2013\/sponsor\/maksimer\/\">\n\t\t\t\t\t\t\t\t<img loading=\"lazy\" decoding=\"async\" width=\"500\" height=\"134\" src=\"https:\/\/norway.wordcamp.org\/2013\/files\/2013\/01\/maksimer.png\" class=\"attachment-post-thumbnail size-post-thumbnail wp-post-image\" alt=\"\" srcset=\"https:\/\/norway.wordcamp.org\/2013\/files\/2013\/01\/maksimer.png 500w, https:\/\/norway.wordcamp.org\/2013\/files\/2013\/01\/maksimer-300x80.png 300w\" sizes=\"auto, (max-width: 500px) 100vw, 500px\" \/>\t\t\t\t\t\t\t<\/a>\n\t\t\t\t\t\t<\/h3>\n\n\t\t\t\t\t\t<div class=\"entry-content sponsor-description\">\n\t\t\t\t\t\t\t<p>Maksimer fokuserer p\u00e5 utvikling av l\u00f8nnsomme nettl\u00f8sninger. De gjennomf\u00f8rer strategiske, kreative og gode prosjekter. Etter endte prosjekt starter de det l\u00f8pende arbeidet med konverteringsoptimalisering. De jobber i dag for noen av landets st\u00f8rste merkevarer p\u00e5 utvikling og tilpasning av WordPress. Maksimer kan du bli klokere p\u00e5 <a href=\"http:\/\/www.maksimer.no\/\" rel=\"nofollow\"> her<\/a>.<\/p>\n\t\t\t\t\t\t<\/div>\n\t\t\t\t\t<\/div>\n\n\t\t\t\t\t\n\t\t\t\t<\/div>\n\t\t\t\t\t\t\t\n\t\t\t\t<div class=\"sponsor-level bronze\">\n\t\t\t\t\t<h2 class=\"sponsor-level-title\">\n\t\t\t\t\t\tBronze\t\t\t\t\t<\/h2>\n\n\t\t\t\t\t\n\t\t\t\t\t<div id=\"post-948\" class=\"sponsor post-948 wcb_sponsor type-wcb_sponsor status-publish has-post-thumbnail hentry wcb_sponsor_level-bronze\" >\n\t\t\t\t\t\t<h3 class=\"entry-title sponsor-title\">\n\t\t\t\t\t\t\t<a href=\"https:\/\/norway.wordcamp.org\/2013\/sponsor\/studio-netting\/\">\n\t\t\t\t\t\t\t\t<img loading=\"lazy\" decoding=\"async\" width=\"500\" height=\"150\" src=\"https:\/\/norway.wordcamp.org\/2013\/files\/2013\/01\/studionetting1.png\" class=\"attachment-post-thumbnail size-post-thumbnail wp-post-image\" alt=\"\" srcset=\"https:\/\/norway.wordcamp.org\/2013\/files\/2013\/01\/studionetting1.png 500w, https:\/\/norway.wordcamp.org\/2013\/files\/2013\/01\/studionetting1-300x90.png 300w\" sizes=\"auto, (max-width: 500px) 100vw, 500px\" \/>\t\t\t\t\t\t\t<\/a>\n\t\t\t\t\t\t<\/h3>\n\n\t\t\t\t\t\t<div class=\"entry-content sponsor-description\">\n\t\t\t\t\t\t\t<p>Studio Netting er et kreativt byr\u00e5, som lager nettsider med WordPress som plattform.<br \/>\nDe lever med mottoet om at nettsider skal v\u00e6re vakre og funksjonelle, og g\u00e5r gjerne til forbrukeren for \u00e5 f\u00e5 svarene de trenger til \u00e5 skape de mest brukervennlige l\u00f8sningene.<br \/>\nLes mer om Studio Netting <a href=\"http:\/\/www.studionetting.no\/\" rel=\"nofollow\"> her<\/a>.<\/p>\n\t\t\t\t\t\t<\/div>\n\t\t\t\t\t<\/div>\n\n\t\t\t\t\t\n\t\t\t\t\t<div id=\"post-996\" class=\"sponsor post-996 wcb_sponsor type-wcb_sponsor status-publish has-post-thumbnail hentry wcb_sponsor_level-bronze\" >\n\t\t\t\t\t\t<h3 class=\"entry-title sponsor-title\">\n\t\t\t\t\t\t\t<a href=\"https:\/\/norway.wordcamp.org\/2013\/sponsor\/woo-themes\/\">\n\t\t\t\t\t\t\t\t<img loading=\"lazy\" decoding=\"async\" width=\"620\" height=\"198\" src=\"https:\/\/norway.wordcamp.org\/2013\/files\/2013\/01\/WooThemes-620x198.jpg\" class=\"attachment-post-thumbnail size-post-thumbnail wp-post-image\" alt=\"\" \/>\t\t\t\t\t\t\t<\/a>\n\t\t\t\t\t\t<\/h3>\n\n\t\t\t\t\t\t<div class=\"entry-content sponsor-description\">\n\t\t\t\t\t\t\t<p>WooThemes lager templates for WordPress, og best\u00e5r av engasjerte mennesker som jobber fra syv forskjellige land. Dette er alts\u00e5 en hel gjeng med designere, utviklere og support-ninjaer som i dag har flere hundre tusen brukere de kan skryte av. Mer om WooThemes finner du <a href=\"http:\/\/www.woothemes.com\/\" rel=\"nofollow\"> her<\/a>.<\/p>\n\t\t\t\t\t\t<\/div>\n\t\t\t\t\t<\/div>\n\n\t\t\t\t\t\n\t\t\t\t<\/div>\n\t\t\t\t\t<\/div>\n\n\t\t\n","protected":false},"excerpt":{"rendered":"","protected":false},"author":9443031,"featured_media":0,"parent":0,"menu_order":0,"comment_status":"closed","ping_status":"closed","template":"","meta":{"jetpack_post_was_ever_published":false,"footnotes":""},"class_list":["post-304","page","type-page","status-publish","hentry"],"jetpack_sharing_enabled":true,"jetpack_shortlink":"https:\/\/wp.me\/P2OVbZ-4U","_links":{"self":[{"href":"https:\/\/norway.wordcamp.org\/2013\/wp-json\/wp\/v2\/pages\/304","targetHints":{"allow":["GET"]}}],"collection":[{"href":"https:\/\/norway.wordcamp.org\/2013\/wp-json\/wp\/v2\/pages"}],"about":[{"href":"https:\/\/norway.wordcamp.org\/2013\/wp-json\/wp\/v2\/types\/page"}],"author":[{"embeddable":true,"href":"https:\/\/norway.wordcamp.org\/2013\/wp-json\/wp\/v2\/users\/9443031"}],"replies":[{"embeddable":true,"href":"https:\/\/norway.wordcamp.org\/2013\/wp-json\/wp\/v2\/comments?post=304"}],"version-history":[{"count":7,"href":"https:\/\/norway.wordcamp.org\/2013\/wp-json\/wp\/v2\/pages\/304\/revisions"}],"predecessor-version":[{"id":965,"href":"https:\/\/norway.wordcamp.org\/2013\/wp-json\/wp\/v2\/pages\/304\/revisions\/965"}],"wp:attachment":[{"href":"https:\/\/norway.wordcamp.org\/2013\/wp-json\/wp\/v2\/media?parent=304"}],"curies":[{"name":"wp","href":"https:\/\/api.w.org\/{rel}","templated":true}]}}