{"id":318481,"date":"2013-11-20T03:12:54","date_gmt":"2013-11-20T03:12:54","guid":{"rendered":"https:\/\/2014.norway.wordcamp.org\/?page_id=318481"},"modified":"2014-01-05T17:45:00","modified_gmt":"2014-01-05T17:45:00","slug":"sponsors","status":"publish","type":"page","link":"https:\/\/norway.wordcamp.org\/2014\/sponsors\/","title":{"rendered":"Sponsors"},"content":{"rendered":"\n\t<div class=\"wcorg-sponsors\">\n\t\t\n\t\t\t<div class=\"wcorg-sponsor-level-gold\">\n\t\t\t\t<h2>Gold<\/h2>\n\n\t\t\t\t\n\t\t\t\t\t<div id=\"wcorg-sponsor-542594\" class=\"wcorg-sponsor\">\n\t\t\t\t\t\t\t\t\t\t\t\t\t\t\t\t\t\t\t\t\t<h3>\n\t\t\t\t\t\t\t\t\tMetronet\t\t\t\t\t\t\t\t<\/h3>\n\t\t\t\t\t\t\t\t\t\t\t\t\t\n\t\t\t\t\t\t<div class=\"wcorg-sponsor-description\">\n\t\t\t\t\t\t\t\t\t\t\t\t\t\t\t<img loading=\"lazy\" decoding=\"async\" width=\"300\" height=\"116\" src=\"https:\/\/norway.wordcamp.org\/2014\/files\/2014\/01\/Metronet_logo_svarthvitt1.png\" class=\"attachment-wcb-sponsor-logo-horizontal-2x size-wcb-sponsor-logo-horizontal-2x wp-post-image\" alt=\"Metronet\" \/>\t\t\t\t\t\t\t\n\t\t\t\t\t\t\t\t\t\t\t\t\t\t\t<p><a href=\"http:\/\/metronet.no\/\" target=\"_blank\" rel=\"nofollow\">Metronet<\/a> best\u00e5r av flere dyktige mennesker, som elsker \u00e5 jobbe med strategisk r\u00e5dgivning, innhold, design og utvikling av digitale l\u00f8sninger. Med digitale l\u00f8sninger mener vi alt fra spesialisering i Google, til WordPress, Facebook og Magento \u2013 kort sagt alt som vi synes er spennende, og kan gj\u00f8res digitalt. Med en genuin interesse og et brennende engasjement i hver piksel, har vi skapt gode resultater for v\u00e5re offentlige, statlige og private kunder siden 2007.<\/p>\n<p><a href=\"http:\/\/metronet.no\/\" target=\"_blank\" rel=\"nofollow\">http:\/\/metronet.no\/<\/a><\/p>\n\t\t\t\t\t\t\t\t\t\t\t\t\t<\/div>\n\t\t\t\t\t<\/div><!-- #sponsor -->\n\t\t\t\t\n\t\t\t\t\t<div id=\"wcorg-sponsor-542599\" class=\"wcorg-sponsor\">\n\t\t\t\t\t\t\t\t\t\t\t\t\t\t\t\t\t\t\t\t\t<h3>\n\t\t\t\t\t\t\t\t\tWooThemes\t\t\t\t\t\t\t\t<\/h3>\n\t\t\t\t\t\t\t\t\t\t\t\t\t\n\t\t\t\t\t\t<div class=\"wcorg-sponsor-description\">\n\t\t\t\t\t\t\t\t\t\t\t\t\t\t\t<img loading=\"lazy\" decoding=\"async\" width=\"280\" height=\"150\" src=\"https:\/\/norway.wordcamp.org\/2014\/files\/2014\/01\/woothemes-logo.png\" class=\"attachment-wcb-sponsor-logo-horizontal-2x size-wcb-sponsor-logo-horizontal-2x wp-post-image\" alt=\"WooThemes\" \/>\t\t\t\t\t\t\t\n\t\t\t\t\t\t\t\t\t\t\t\t\t\t\t<p><a href=\"http:\/\/woothemes.com\/\" target=\"_blank\" rel=\"nofollow\">WooThemes<\/a> is an international, market leading, bootstrapped business providing a platform to extend standard WordPress-powered websites via a range of innovative themes and plugins. With WooThemes businesses and individuals can get professional WordPress sites launched quickly and affordably.<\/p>\n<p>From our humble beginnings selling a handful of commercial WordPress themes we now offer a huge catalog of feature rich themes, and a suite of plugins that extend your WordPress experience.<\/p>\n<p><a href=\"http:\/\/woothemes.com\/\" target=\"_blank\" rel=\"nofollow\">http:\/\/woothemes.com\/<\/a><\/p>\n\t\t\t\t\t\t\t\t\t\t\t\t\t<\/div>\n\t\t\t\t\t<\/div><!-- #sponsor -->\n\t\t\t\t\n\t\t\t\t\t<div id=\"wcorg-sponsor-542590\" class=\"wcorg-sponsor\">\n\t\t\t\t\t\t\t\t\t\t\t\t\t\t\t\t\t\t\t\t\t<h3>\n\t\t\t\t\t\t\t\t\tDekode\t\t\t\t\t\t\t\t<\/h3>\n\t\t\t\t\t\t\t\t\t\t\t\t\t\n\t\t\t\t\t\t<div class=\"wcorg-sponsor-description\">\n\t\t\t\t\t\t\t\t\t\t\t\t\t\t\t<img loading=\"lazy\" decoding=\"async\" width=\"280\" height=\"150\" src=\"https:\/\/norway.wordcamp.org\/2014\/files\/2014\/01\/dekode.png\" class=\"attachment-wcb-sponsor-logo-horizontal-2x size-wcb-sponsor-logo-horizontal-2x wp-post-image\" alt=\"Dekode\" \/>\t\t\t\t\t\t\t\n\t\t\t\t\t\t\t\t\t\t\t\t\t\t\t<p><a href=\"http:\/\/dekode.no\/\" target=\"_blank\" rel=\"nofollow\">Dekode<\/a> is a design and digital development agency, specializing in WordPress. The company was established in 2009, houses 14 employees and is based in Oslo. The team consists of consultants, project managers, designers and developers. Dekode is all about designing solutions that make sense to the people they exist for. WordPress is under the hood of everything being developed, resulting in a strong focus of open source and of course time &#8211; and therefore cost-effectiveness.<\/p>\n<p>Among customer references: Norad, Milj\u00f8partiet De Gr\u00f8nne, Barnas Hus, Milj\u00f8verndepartementet, Trygg Trafikk, Stormberg, Fiskeriet, Talkmore, Grieg Gruppen, and more.<\/p>\n<p><a href=\"http:\/\/dekode.no\/\" target=\"_blank\" rel=\"nofollow\">http:\/\/dekode.no\/<\/a><\/p>\n\t\t\t\t\t\t\t\t\t\t\t\t\t<\/div>\n\t\t\t\t\t<\/div><!-- #sponsor -->\n\t\t\t\t\t\t\t<\/div><!-- .wcorg-sponsor-level -->\n\t\t\n\t\t\t<div class=\"wcorg-sponsor-level-bronze\">\n\t\t\t\t<h2>Bronze<\/h2>\n\n\t\t\t\t\n\t\t\t\t\t<div id=\"wcorg-sponsor-542587\" class=\"wcorg-sponsor\">\n\t\t\t\t\t\t\t\t\t\t\t\t\t\t\t\t\t\t\t\t\t<h3>\n\t\t\t\t\t\t\t\t\tKrokedil\t\t\t\t\t\t\t\t<\/h3>\n\t\t\t\t\t\t\t\t\t\t\t\t\t\n\t\t\t\t\t\t<div class=\"wcorg-sponsor-description\">\n\t\t\t\t\t\t\t\t\t\t\t\t\t\t\t<img loading=\"lazy\" decoding=\"async\" width=\"300\" height=\"52\" src=\"https:\/\/norway.wordcamp.org\/2014\/files\/2014\/01\/krokedil.png\" class=\"attachment-wcb-sponsor-logo-horizontal-2x size-wcb-sponsor-logo-horizontal-2x wp-post-image\" alt=\"Krokedil\" \/>\t\t\t\t\t\t\t\n\t\t\t\t\t\t\t\t\t\t\t\t\t\t\t<p>Hi, <a href=\"http:\/\/krokedil.se\" target=\"_blank\" rel=\"nofollow\">Krokedil<\/a> is a WordPress agency based in Arvika, Sweden. We do custom theme and plugin development for clients in Sweden and Norway. We work a lot with WooCommerce and have developed some payment gateways for the Scandinavian market, such as Klarna, DIBS, PayEx and SveaWebPay.<\/p>\n<p><a href=\"http:\/\/krokedil.se\" target=\"_blank\" rel=\"nofollow\">http:\/\/krokedil.se<\/a><\/p>\n\t\t\t\t\t\t\t\t\t\t\t\t\t<\/div>\n\t\t\t\t\t<\/div><!-- #sponsor -->\n\t\t\t\t\n\t\t\t\t\t<div id=\"wcorg-sponsor-543818\" class=\"wcorg-sponsor\">\n\t\t\t\t\t\t\t\t\t\t\t\t\t\t\t\t\t\t\t\t\t<h3>\n\t\t\t\t\t\t\t\t\tMoero\t\t\t\t\t\t\t\t<\/h3>\n\t\t\t\t\t\t\t\t\t\t\t\t\t\n\t\t\t\t\t\t<div class=\"wcorg-sponsor-description\">\n\t\t\t\t\t\t\t\t\t\t\t\t\t\t\t<img loading=\"lazy\" decoding=\"async\" width=\"300\" height=\"110\" src=\"https:\/\/norway.wordcamp.org\/2014\/files\/2014\/01\/moero-logo.png\" class=\"attachment-wcb-sponsor-logo-horizontal-2x size-wcb-sponsor-logo-horizontal-2x wp-post-image\" alt=\"Moero\" \/>\t\t\t\t\t\t\t\n\t\t\t\t\t\t\t\t\t\t\t\t\t\t\t<p><a href=\"http:\/\/moero.no\/\" target=\"_blank\" rel=\"nofollow\">Moero<\/a> is an Oslo based Web Agency with a focus on E-Commerce web development and surrounding services.<br \/>\nWorking with clients from those requiring fully bespoke work, to clients wishing to rapidly and cost effectively create their own site using Moero&#8217;s platform.<\/p>\n<p>Working mainly with the Magento and WordPress platforms they are always actively looking to be involved and contributing to both communities.<\/p>\n<p>For more information please visit their website.<\/p>\n<p><a href=\"http:\/\/moero.no\/\" target=\"_blank\" rel=\"nofollow\">http:\/\/moero.no\/<\/a><\/p>\n\t\t\t\t\t\t\t\t\t\t\t\t\t<\/div>\n\t\t\t\t\t<\/div><!-- #sponsor -->\n\t\t\t\t\t\t\t<\/div><!-- .wcorg-sponsor-level -->\n\t\t\n\t\t\t<div class=\"wcorg-sponsor-level-wordcamp-champion\">\n\t\t\t\t<h2>WordCamp Champion<\/h2>\n\n\t\t\t\t\n\t\t\t\t\t<div id=\"wcorg-sponsor-525557\" class=\"wcorg-sponsor\">\n\t\t\t\t\t\t\t\t\t\t\t\t\t\t\t\t\t\t\t\t\t<h3>\n\t\t\t\t\t\t\t\t\tCode Poet\t\t\t\t\t\t\t\t<\/h3>\n\t\t\t\t\t\t\t\t\t\t\t\t\t\n\t\t\t\t\t\t<div class=\"wcorg-sponsor-description\">\n\t\t\t\t\t\t\t\t\t\t\t\t\t\t\t<img loading=\"lazy\" decoding=\"async\" width=\"280\" height=\"100\" src=\"https:\/\/norway.wordcamp.org\/2014\/files\/2014\/01\/Code-Poet-2.png\" class=\"attachment-wcb-sponsor-logo-horizontal-2x size-wcb-sponsor-logo-horizontal-2x wp-post-image\" alt=\"Code Poet\" \/>\t\t\t\t\t\t\t\n\t\t\t\t\t\t\t\t\t\t\t\t\t\t\t<p>If you use WordPress to build things for other people, Code Poet wants to make your life easier. No matter whether you freelance on a solo basis, lead a small web shop, make plugins in a dark closet, or crack the whip at a large design firm, Code Poet\u2019s aim is to become your go-to source of information and resources to help you expand your WordPress skills and know-how. To make you better at what you do. To make it easier to make your living and look great doing it.<\/p>\n<p>You\u2019re part of a tribe of WordPress designers and developers over 10,000 strong, spanning the entire globe. <a href=\"http:\/\/codepoet.com\/\" target=\"_blank\" rel=\"nofollow\">codepoet.com<\/a> aims to bring the working knowledge and real world strategies of those people into one place, for you to tap into.<\/p>\n<p><a href=\"http:\/\/codepoet.com\/\" target=\"_blank\" rel=\"nofollow\">http:\/\/codepoet.com\/<\/a> <\/p>\n\t\t\t\t\t\t\t\t\t\t\t\t\t<\/div>\n\t\t\t\t\t<\/div><!-- #sponsor -->\n\t\t\t\t\n\t\t\t\t\t<div id=\"wcorg-sponsor-525565\" class=\"wcorg-sponsor\">\n\t\t\t\t\t\t\t\t\t\t\t\t\t\t\t\t\t\t\t\t\t<h3>\n\t\t\t\t\t\t\t\t\t34SP.com\t\t\t\t\t\t\t\t<\/h3>\n\t\t\t\t\t\t\t\t\t\t\t\t\t\n\t\t\t\t\t\t<div class=\"wcorg-sponsor-description\">\n\t\t\t\t\t\t\t\t\t\t\t\t\t\t\t<img loading=\"lazy\" decoding=\"async\" width=\"789\" height=\"159\" src=\"https:\/\/norway.wordcamp.org\/2014\/files\/2014\/01\/34sp-logo.jpg\" class=\"attachment-wcb-sponsor-logo-horizontal-2x size-wcb-sponsor-logo-horizontal-2x wp-post-image\" alt=\"34SP.com\" srcset=\"https:\/\/norway.wordcamp.org\/2014\/files\/2014\/01\/34sp-logo.jpg 789w, https:\/\/norway.wordcamp.org\/2014\/files\/2014\/01\/34sp-logo-716x144.jpg 716w, https:\/\/norway.wordcamp.org\/2014\/files\/2014\/01\/34sp-logo-624x125.jpg 624w\" sizes=\"auto, (max-width: 789px) 100vw, 789px\" \/>\t\t\t\t\t\t\t\n\t\t\t\t\t\t\t\t\t\t\t\t\t\t\t<p><a href=\"http:\/\/34sp.com\/\" target=\"_blank\" rel=\"nofollow\">34SP.com<\/a> is a professional website hosting and domain name registration company offering services for web developers, bloggers, designers and small businesses throughout the world. The 34SP.com team of technical experts offers support and service coupled with a money-back guarantee to ensure client satisfaction. 34SP.com has particular focus in WordPress hosting, having supported the WordPress community since WordPress was originally developed and launched in 2003. The company currently hosts thousands of WordPress websites and is headquartered in central Manchester, England.<\/p>\n<p><a href=\"http:\/\/34sp.com\/\" target=\"_blank\" rel=\"nofollow\">http:\/\/34sp.com\/<\/a><\/p>\n\t\t\t\t\t\t\t\t\t\t\t\t\t<\/div>\n\t\t\t\t\t<\/div><!-- #sponsor -->\n\t\t\t\t\n\t\t\t\t\t<div id=\"wcorg-sponsor-525568\" class=\"wcorg-sponsor\">\n\t\t\t\t\t\t\t\t\t\t\t\t\t\t\t\t\t\t\t\t\t<h3>\n\t\t\t\t\t\t\t\t\tBluehost\t\t\t\t\t\t\t\t<\/h3>\n\t\t\t\t\t\t\t\t\t\t\t\t\t\n\t\t\t\t\t\t<div class=\"wcorg-sponsor-description\">\n\t\t\t\t\t\t\t\t\t\t\t\t\t\t\t<img loading=\"lazy\" decoding=\"async\" width=\"3300\" height=\"949\" src=\"https:\/\/norway.wordcamp.org\/2014\/files\/2014\/01\/bluehost-logo13.png\" class=\"attachment-wcb-sponsor-logo-horizontal-2x size-wcb-sponsor-logo-horizontal-2x wp-post-image\" alt=\"Bluehost\" srcset=\"https:\/\/norway.wordcamp.org\/2014\/files\/2014\/01\/bluehost-logo13.png 3300w, https:\/\/norway.wordcamp.org\/2014\/files\/2014\/01\/bluehost-logo13-716x205.png 716w, https:\/\/norway.wordcamp.org\/2014\/files\/2014\/01\/bluehost-logo13-1024x294.png 1024w, https:\/\/norway.wordcamp.org\/2014\/files\/2014\/01\/bluehost-logo13-624x179.png 624w\" sizes=\"auto, (max-width: 3300px) 100vw, 3300px\" \/>\t\t\t\t\t\t\t\n\t\t\t\t\t\t\t\t\t\t\t\t\t\t\t<p><a href=\"http:\/\/www.bluehost.com\/\" target=\"_blank\" rel=\"nofollow\">Bluehost<\/a> has been a WordPress partner since 2005 and powers over one million WordPress sites. Their goal is to provide outstanding hosting services and customer support for the best possible price. Bluehost is also constantly innovating and upgrading their services and infrastructure at no additional cost to their customers. Join the millions of other website owners that have already chosen Bluehost and see how they can help you with your site.<\/p>\n<p><a href=\"http:\/\/www.bluehost.com\/\" target=\"_blank\" rel=\"nofollow\">http:\/\/www.bluehost.com\/<\/a><\/p>\n\t\t\t\t\t\t\t\t\t\t\t\t\t<\/div>\n\t\t\t\t\t<\/div><!-- #sponsor -->\n\t\t\t\t\t\t\t<\/div><!-- .wcorg-sponsor-level -->\n\t\t\n\t\t\t<div class=\"wcorg-sponsor-level-wordcamp-accomplice\">\n\t\t\t\t<h2>WordCamp Accomplice<\/h2>\n\n\t\t\t\t\n\t\t\t\t\t<div id=\"wcorg-sponsor-525561\" class=\"wcorg-sponsor\">\n\t\t\t\t\t\t\t\t\t\t\t\t\t\t\t\t\t\t\t\t\t<h3>\n\t\t\t\t\t\t\t\t\tWPML\t\t\t\t\t\t\t\t<\/h3>\n\t\t\t\t\t\t\t\t\t\t\t\t\t\n\t\t\t\t\t\t<div class=\"wcorg-sponsor-description\">\n\t\t\t\t\t\t\t\t\t\t\t\t\t\t\t<img loading=\"lazy\" decoding=\"async\" width=\"280\" height=\"80\" src=\"https:\/\/norway.wordcamp.org\/2014\/files\/2014\/01\/wpml.png\" class=\"attachment-wcb-sponsor-logo-horizontal-2x size-wcb-sponsor-logo-horizontal-2x wp-post-image\" alt=\"WPML\" \/>\t\t\t\t\t\t\t\n\t\t\t\t\t\t\t\t\t\t\t\t\t\t\t<p><a href=\"http:\/\/wpml.org\/\" target=\"_blank\" rel=\"nofollow\">WPML<\/a> turns WordPress websites multilingual. It works with caching, SEO and E-Commerce plugins, and allows the building of complete multilingual sites. WPML powers simple blogs as well as corporate and enterprise sites.<\/p>\n<p>WPML allows users to translate everything in the site, including content, menus, widgets and even theme and plugin texts. WPML powers over 400,000 commercial websites from all over the world.<\/p>\n<p>More information about going multilingual can be found at <a href=\"http:\/\/wpml.org\/\" target=\"_blank\" rel=\"nofollow\">WPML.org<\/a><\/p>\n<p>____<\/p>\n<p><a href=\"http:\/\/wpml.org\/\" target=\"_blank\" rel=\"nofollow\">WPML<\/a> gj\u00f8r WordPress nettsider flerspr\u00e5klig. Den virker med hurtigbufring, SEO og E-Commerce programtillegg og tillater opprettelsen av komplette, flerspr\u00e5klige sider. WPML st\u00f8tter alt fra enkle blogger til st\u00f8rre foretak og organisasjons-sider.<\/p>\n<p>WPML gj\u00f8r at brukere kan oversette alt p\u00e5 nettsiden, inkludert innhold, menyer, elementer og til og med tema og programtilleggs-tekst.  WPML st\u00f8tter over 400,000 kommersielle web-sider fra hele kloden.<\/p>\n<p>Mer informasjon om \u00e5 bli flerspr\u00e5klig kan du finne p\u00e5 <a href=\"http:\/\/wpml.org\/\" target=\"_blank\" rel=\"nofollow\">WPML.org<\/a><\/p>\n\t\t\t\t\t\t\t\t\t\t\t\t\t<\/div>\n\t\t\t\t\t<\/div><!-- #sponsor -->\n\t\t\t\t\t\t\t<\/div><!-- .wcorg-sponsor-level -->\n\t\t\n\t\t\t<div class=\"wcorg-sponsor-level-supporter\">\n\t\t\t\t<h2>Supporter<\/h2>\n\n\t\t\t\t\n\t\t\t\t\t<div id=\"wcorg-sponsor-543620\" class=\"wcorg-sponsor\">\n\t\t\t\t\t\t\t\t\t\t\t\t\t\t\t\t\t\t\t\t\t<h3>\n\t\t\t\t\t\t\t\t\tRentalsOslo.com\t\t\t\t\t\t\t\t<\/h3>\n\t\t\t\t\t\t\t\t\t\t\t\t\t\n\t\t\t\t\t\t<div class=\"wcorg-sponsor-description\">\n\t\t\t\t\t\t\t\t\t\t\t\t\t\t\t<img loading=\"lazy\" decoding=\"async\" width=\"326\" height=\"68\" src=\"https:\/\/norway.wordcamp.org\/2014\/files\/2014\/01\/Rentals-Oslo-logo.png\" class=\"attachment-wcb-sponsor-logo-horizontal-2x size-wcb-sponsor-logo-horizontal-2x wp-post-image\" alt=\"RentalsOslo.com\" \/>\t\t\t\t\t\t\t\n\t\t\t\t\t\t\t\t\t\t\t\t\t\t\t<p><a href=\"http:\/\/rentalsoslo.com\/\" target=\"_blank\" rel=\"nofollow\">RentalsOslo.com<\/a> is a young company in the apartment rentals industry. Our goal is to provide alternative types of accommodation to travellers who are planning to stay in Oslo for a short period of time. Local property owners can advertise  their apartments with us and can host people from all over the world.<\/p>\n<p>As admirers of alternative ways, we always use open source software. Our main website RentalsOslo.com is powered by WordPress. That is why we are looking to support open source community and WordPress meetups.<\/p>\n<p>More details about the company and the team can be found on our website.<br \/>\n<a href=\"http:\/\/rentalsoslo.com\/\" target=\"_blank\" rel=\"nofollow\">http:\/\/rentalsoslo.com\/<\/a><\/p>\n\t\t\t\t\t\t\t\t\t\t\t\t\t<\/div>\n\t\t\t\t\t<\/div><!-- #sponsor -->\n\t\t\t\t\n\t\t\t\t\t<div id=\"wcorg-sponsor-566490\" class=\"wcorg-sponsor\">\n\t\t\t\t\t\t\t\t\t\t\t\t\t\t\t\t\t\t\t\t\t<h3>\n\t\t\t\t\t\t\t\t\tPrinting.no\t\t\t\t\t\t\t\t<\/h3>\n\t\t\t\t\t\t\t\t\t\t\t\t\t\n\t\t\t\t\t\t<div class=\"wcorg-sponsor-description\">\n\t\t\t\t\t\t\t\t\t\t\t\t\t\t\t<img loading=\"lazy\" decoding=\"async\" width=\"164\" height=\"39\" src=\"https:\/\/norway.wordcamp.org\/2014\/files\/2014\/01\/image001.png\" class=\"attachment-wcb-sponsor-logo-horizontal-2x size-wcb-sponsor-logo-horizontal-2x wp-post-image\" alt=\"Printing.no\" \/>\t\t\t\t\t\t\t\n\t\t\t\t\t\t\t\t\t\t\t\t\t\t\t<p><a href=\"http:\/\/printing.no\/\" target=\"_blank\" rel=\"nofollow\">Printing.no<\/a> was first established in 1973.<br \/>\nIn 1999 they were one of the first environmentally approved printing companies in Norway.<br \/>\nAlways working hard to meet customer needs Printing AS opened their large format department XLPrinting which differs from the rest of their production and offers a wide variety of printing options including foil wrapping of cars!<\/p>\n<p>In 2011 they opened their first branch in Western Norway and continues to grow, they are proud to offer print and graphic services to a long list of happy clients. <\/p>\n<p><a href=\"http:\/\/printing.no\/\" target=\"_blank\" rel=\"nofollow\">http:\/\/printing.no\/<\/a><\/p>\n\t\t\t\t\t\t\t\t\t\t\t\t\t<\/div>\n\t\t\t\t\t<\/div><!-- #sponsor -->\n\t\t\t\t\t\t\t<\/div><!-- .wcorg-sponsor-level -->\n\t\t\t<\/div><!-- .wcorg-sponsors -->\n\n\t\n","protected":false},"excerpt":{"rendered":"","protected":false},"author":5716614,"featured_media":0,"parent":0,"menu_order":0,"comment_status":"open","ping_status":"open","template":"","meta":{"jetpack_post_was_ever_published":false,"footnotes":""},"class_list":["post-318481","page","type-page","status-publish","hentry"],"jetpack_sharing_enabled":true,"_links":{"self":[{"href":"https:\/\/norway.wordcamp.org\/2014\/wp-json\/wp\/v2\/pages\/318481","targetHints":{"allow":["GET"]}}],"collection":[{"href":"https:\/\/norway.wordcamp.org\/2014\/wp-json\/wp\/v2\/pages"}],"about":[{"href":"https:\/\/norway.wordcamp.org\/2014\/wp-json\/wp\/v2\/types\/page"}],"author":[{"embeddable":true,"href":"https:\/\/norway.wordcamp.org\/2014\/wp-json\/wp\/v2\/users\/5716614"}],"replies":[{"embeddable":true,"href":"https:\/\/norway.wordcamp.org\/2014\/wp-json\/wp\/v2\/comments?post=318481"}],"version-history":[{"count":2,"href":"https:\/\/norway.wordcamp.org\/2014\/wp-json\/wp\/v2\/pages\/318481\/revisions"}],"predecessor-version":[{"id":525571,"href":"https:\/\/norway.wordcamp.org\/2014\/wp-json\/wp\/v2\/pages\/318481\/revisions\/525571"}],"wp:attachment":[{"href":"https:\/\/norway.wordcamp.org\/2014\/wp-json\/wp\/v2\/media?parent=318481"}],"curies":[{"name":"wp","href":"https:\/\/api.w.org\/{rel}","templated":true}]}}