{"id":318485,"date":"2013-11-20T03:13:11","date_gmt":"2013-11-20T03:13:11","guid":{"rendered":"https:\/\/2014.norway.wordcamp.org\/?page_id=318485"},"modified":"2014-01-02T11:25:50","modified_gmt":"2014-01-02T11:25:50","slug":"speakers","status":"publish","type":"page","link":"https:\/\/norway.wordcamp.org\/2014\/speakers\/","title":{"rendered":"Speakers"},"content":{"rendered":"\n\t<div class=\"wcorg-speakers\">\n\n\t\t\n\t\t\t<!-- Organizers note: The id attribute is deprecated and only remains for backwards compatibility, please use the corresponding class to target individual speakers -->\n\t\t\t<div id=\"wcorg-speaker-david-lockie\" class=\"wcorg-speaker wcorg-speaker-david-lockie\">\n\t\t\t\t<h2>\n\t\t\t\t\t\n\t\t\t\t\t\tDavid Lockie\n\t\t\t\t\t\t\t\t\t<\/h2>\n\n\t\t\t\t<div class=\"wcorg-speaker-description\">\n\t\t\t\t\t<img alt='' src='https:\/\/secure.gravatar.com\/avatar\/fe458e3682ab77497547132fd7b84b818c0f8dfad47b8c3d32f7080848aa38a4?s=100&#038;d=mm&#038;r=g' srcset='https:\/\/secure.gravatar.com\/avatar\/fe458e3682ab77497547132fd7b84b818c0f8dfad47b8c3d32f7080848aa38a4?s=200&#038;d=mm&#038;r=g 2x' class='avatar avatar-100 photo' height='100' width='100' \/>\t\t\t\t\t<p>A WordPress freelancer, business owner and entrepreneur, David runs <a href=\"http:\/\/www.pragmatic-web.co.uk\/\" target=\"_blank\">Pragmatic Web Limited<\/a> (a hybrid WordPress agency) and <a href=\"http:\/\/freelancewp.com\/\" target=\"_blank\">FreelanceWP.com<\/a>. When he\u2019s not WordPressing, he\u2019s into cycling, CrossFit, music and food. He organises WordPress meetups in Brighton &amp; Hove where he lives with his wife, step-son and various animals and is planning WordCamp Brighton &amp; Hove for Q3 2014. You can follow him on <a href=\"http:\/\/twitter.com\/divydovy\/\" target=\"_blank\">@divydovy<\/a>, @<a href=\"http:\/\/twitter.com\/pragmatic-web\/\" target=\"_blank\">pragmatic-web<\/a> and <a href=\"http:\/\/twitter.com\/FreelanceWP\/\" target=\"_blank\">@FreelanceWP<\/a>.<\/p>\n\t\t\t\t<\/div>\n\t\t\t<\/div>\n\n\t\t\n\t\t\t<!-- Organizers note: The id attribute is deprecated and only remains for backwards compatibility, please use the corresponding class to target individual speakers -->\n\t\t\t<div id=\"wcorg-speaker-magne-ilsaas\" class=\"wcorg-speaker wcorg-speaker-magne-ilsaas\">\n\t\t\t\t<h2>\n\t\t\t\t\t\n\t\t\t\t\t\tMagne Ilsaas\n\t\t\t\t\t\t\t\t\t<\/h2>\n\n\t\t\t\t<div class=\"wcorg-speaker-description\">\n\t\t\t\t\t<img alt='' src='https:\/\/secure.gravatar.com\/avatar\/babd8244fc5f44c83215c81e9f18f4032db0bb11947ca806f143616706032a7a?s=100&#038;d=mm&#038;r=g' srcset='https:\/\/secure.gravatar.com\/avatar\/babd8244fc5f44c83215c81e9f18f4032db0bb11947ca806f143616706032a7a?s=200&#038;d=mm&#038;r=g 2x' class='avatar avatar-100 photo' height='100' width='100' \/>\t\t\t\t\t<p>Magne is the co-founder of <a href=\"http:\/\/dekode.no\/\" target=\"_blank\">Dekode<\/a>, a design and WordPress development agency based in Oslo.<\/p>\n<p>He used to work on both the design and front-end, but now spends most of his time explaining clients, why WordPress is the way to go. When not working, cooking and skiing is time well spent.<\/p>\n\t\t\t\t<\/div>\n\t\t\t<\/div>\n\n\t\t\n\t\t\t<!-- Organizers note: The id attribute is deprecated and only remains for backwards compatibility, please use the corresponding class to target individual speakers -->\n\t\t\t<div id=\"wcorg-speaker-noel-tock\" class=\"wcorg-speaker wcorg-speaker-noel-tock\">\n\t\t\t\t<h2>\n\t\t\t\t\t\n\t\t\t\t\t\tNoel Tock\n\t\t\t\t\t\t\t\t\t<\/h2>\n\n\t\t\t\t<div class=\"wcorg-speaker-description\">\n\t\t\t\t\t<img alt='' src='https:\/\/secure.gravatar.com\/avatar\/92832acfee51a40b5bb1ca868959f896e199c99c3fa17919f1fa574cd120c3a7?s=100&#038;d=mm&#038;r=g' srcset='https:\/\/secure.gravatar.com\/avatar\/92832acfee51a40b5bb1ca868959f896e199c99c3fa17919f1fa574cd120c3a7?s=200&#038;d=mm&#038;r=g 2x' class='avatar avatar-100 photo' height='100' width='100' \/>\t\t\t\t\t<p><img loading=\"lazy\" decoding=\"async\" src=\"https:\/\/2014.norway.wordcamp.org\/files\/2014\/01\/noel-bio-e1390300946315.jpg\" alt=\"noel-bio\" width=\"200\" height=\"233\" class=\"alignleft size-full wp-image-598864\" \/>Noel is Swiss web guy that enjoys building solutions online. He is a Partner at <a href=\"http:\/\/hmn.md\/\" target=\"_blank\">Human Made<\/a>, a top tier WordPress agency (and VIP Partner). As Chief Product Officer, he oversees the product portfolio (<a href=\"http:\/\/happytables.com\/\" target=\"_blank\">Happytables<\/a>, <a href=\"https:\/\/wpremote.com\/\" target=\"_blank\">WP Remote<\/a>, etc.) and is involved in select client projects.<\/p>\n\t\t\t\t<\/div>\n\t\t\t<\/div>\n\n\t\t\n\t\t\t<!-- Organizers note: The id attribute is deprecated and only remains for backwards compatibility, please use the corresponding class to target individual speakers -->\n\t\t\t<div id=\"wcorg-speaker-remkus-de-vries\" class=\"wcorg-speaker wcorg-speaker-remkus-de-vries\">\n\t\t\t\t<h2>\n\t\t\t\t\t\n\t\t\t\t\t\tRemkus de Vries\n\t\t\t\t\t\t\t\t\t<\/h2>\n\n\t\t\t\t<div class=\"wcorg-speaker-description\">\n\t\t\t\t\t<img alt='' src='https:\/\/secure.gravatar.com\/avatar\/d0749e8ddae1f4b2b1904e2c0c9f892214c84d397876d43fcb5ebea508ad0833?s=100&#038;d=mm&#038;r=g' srcset='https:\/\/secure.gravatar.com\/avatar\/d0749e8ddae1f4b2b1904e2c0c9f892214c84d397876d43fcb5ebea508ad0833?s=200&#038;d=mm&#038;r=g 2x' class='avatar avatar-100 photo' height='100' width='100' \/>\t\t\t\t\t<p>Remkus is a self-described enthusiastic WordPress user, developer, themer and aficionado from Frysl\u00e2n, The Netherlands. Back in 2007 he founded his WordPress specialist company <a href=\"http:\/\/www.forsitemedia.nl\" title=\"ForSite Media - WordPress Specialist\">ForSite Media<\/a> and has since been expanding in all areas WordPress. Remkus blogs about WordPress at <a href=\"http:\/\/remkusdevries.com\/\">remkusdevries.com<\/a> and <a href=\"http:\/\/wprealm.com\/\">WP Realm<\/a> and can be found on Twitter at <a href=\"https:\/\/twitter.com\/DeFries\">@DeFries<\/a>.<\/p>\n\t\t\t\t<\/div>\n\t\t\t<\/div>\n\n\t\t\n\t\t\t<!-- Organizers note: The id attribute is deprecated and only remains for backwards compatibility, please use the corresponding class to target individual speakers -->\n\t\t\t<div id=\"wcorg-speaker-andreas-beining\" class=\"wcorg-speaker wcorg-speaker-andreas-beining\">\n\t\t\t\t<h2>\n\t\t\t\t\t\n\t\t\t\t\t\tAndreas Beining\n\t\t\t\t\t\t\t\t\t<\/h2>\n\n\t\t\t\t<div class=\"wcorg-speaker-description\">\n\t\t\t\t\t<img alt='' src='https:\/\/secure.gravatar.com\/avatar\/80d372c339be4380807f58c915f9707c487d2ad3c941cf7c0927fe24c6462a42?s=100&#038;d=mm&#038;r=g' srcset='https:\/\/secure.gravatar.com\/avatar\/80d372c339be4380807f58c915f9707c487d2ad3c941cf7c0927fe24c6462a42?s=200&#038;d=mm&#038;r=g 2x' class='avatar avatar-100 photo' height='100' width='100' \/>\t\t\t\t\t<p>Andreas Beining er digital r\u00e5dgiver i sitt egne digitalbyr\u00e5, Portada. Portada tilbyr nettsider, apps, design og r\u00e5dgivning. Han har mer enn 10 \u00e5rs erfaring innen internett- og designfeltet, b\u00e5de p\u00e5 gjennomf\u00f8rende og ledende niv\u00e5 i organisasjoner som OMG, The Farm DDB (Madrid), Akademika og Microsoft.<\/p>\n<p>Tidligere kunder inkluderer Elkj\u00f8p Norden, Diabetesforbundet, ARK Bokhandel, Altibox, Stiftelsen Organdonasjon, PepsiCo, Turistforeningen og Radio Nova.<\/p>\n<p>Andreas er utdannet Bachelor of Visual Communication fra Leeds College of Art &amp; Design i Storbritannia.<\/p>\n\t\t\t\t<\/div>\n\t\t\t<\/div>\n\n\t\t\n\t\t\t<!-- Organizers note: The id attribute is deprecated and only remains for backwards compatibility, please use the corresponding class to target individual speakers -->\n\t\t\t<div id=\"wcorg-speaker-stina-liland-nysaether\" class=\"wcorg-speaker wcorg-speaker-stina-liland-nysaether\">\n\t\t\t\t<h2>\n\t\t\t\t\t\n\t\t\t\t\t\tStina Liland Nysaether\n\t\t\t\t\t\t\t\t\t<\/h2>\n\n\t\t\t\t<div class=\"wcorg-speaker-description\">\n\t\t\t\t\t<img alt='' src='https:\/\/secure.gravatar.com\/avatar\/cdbd02e44d77efd6bb58c79527a14e7f2aa07a0dc30c5fe212deed8196301091?s=100&#038;d=mm&#038;r=g' srcset='https:\/\/secure.gravatar.com\/avatar\/cdbd02e44d77efd6bb58c79527a14e7f2aa07a0dc30c5fe212deed8196301091?s=200&#038;d=mm&#038;r=g 2x' class='avatar avatar-100 photo' height='100' width='100' \/>\t\t\t\t\t<p>Stina is a Startup Community builder and partner at Startup Norway. Gr\u00fcnderskolen Alumni, and have studied entrepreneurship at EMLyon Business School and Boston University. She is also a Startup Weekend Facilitator, and mentor in Business Modelling. She love to lead creative processes and help entrepreneurs transform ideas into business.<\/p>\n\t\t\t\t<\/div>\n\t\t\t<\/div>\n\n\t\t\n\t\t\t<!-- Organizers note: The id attribute is deprecated and only remains for backwards compatibility, please use the corresponding class to target individual speakers -->\n\t\t\t<div id=\"wcorg-speaker-morten-punnerud\" class=\"wcorg-speaker wcorg-speaker-morten-punnerud\">\n\t\t\t\t<h2>\n\t\t\t\t\t\n\t\t\t\t\t\tMorten Punnerud\n\t\t\t\t\t\t\t\t\t<\/h2>\n\n\t\t\t\t<div class=\"wcorg-speaker-description\">\n\t\t\t\t\t<img alt='' src='https:\/\/secure.gravatar.com\/avatar\/?s=100&#038;d=mm&#038;r=g' srcset='https:\/\/secure.gravatar.com\/avatar\/?s=200&#038;d=mm&#038;r=g 2x' class='avatar avatar-100 photo avatar-default' height='100' width='100' \/>\t\t\t\t\t\t\t\t\t<\/div>\n\t\t\t<\/div>\n\n\t\t\n\t\t\t<!-- Organizers note: The id attribute is deprecated and only remains for backwards compatibility, please use the corresponding class to target individual speakers -->\n\t\t\t<div id=\"wcorg-speaker-erlend-eide\" class=\"wcorg-speaker wcorg-speaker-erlend-eide\">\n\t\t\t\t<h2>\n\t\t\t\t\t\n\t\t\t\t\t\tErlend Eide\n\t\t\t\t\t\t\t\t\t<\/h2>\n\n\t\t\t\t<div class=\"wcorg-speaker-description\">\n\t\t\t\t\t<img alt='' src='https:\/\/secure.gravatar.com\/avatar\/af55bba528fc831c7dc3fc8c572114da4f933f0c9b2c3ad41985722654e2da4c?s=100&#038;d=mm&#038;r=g' srcset='https:\/\/secure.gravatar.com\/avatar\/af55bba528fc831c7dc3fc8c572114da4f933f0c9b2c3ad41985722654e2da4c?s=200&#038;d=mm&#038;r=g 2x' class='avatar avatar-100 photo' height='100' width='100' \/>\t\t\t\t\t<p>Erlend Eide is the head of web agency <a href=\"http:\/\/www.drivdigital.no\/\" target=\"_blank\">Driv Digital<\/a> and has started and worked in web, internet &amp; media companies for more than 15 years. He and his team spent much of 2013 building the high performance web hosting platform <a href=\"http:\/\/raskesider.no\" target=\"_blank\">Raskesider.no<\/a>. Get in touch on <a href=\"http:\/\/twitter.com\/2xe\" target=\"_blank\">@2xe<\/a> or <a href=\"http:\/\/twitter.com\/Raskesider\" target=\"_blank\">@Raskesider<\/a>.<\/p>\n\t\t\t\t<\/div>\n\t\t\t<\/div>\n\n\t\t\n\t\t\t<!-- Organizers note: The id attribute is deprecated and only remains for backwards compatibility, please use the corresponding class to target individual speakers -->\n\t\t\t<div id=\"wcorg-speaker-marko-heijnen\" class=\"wcorg-speaker wcorg-speaker-marko-heijnen\">\n\t\t\t\t<h2>\n\t\t\t\t\t\n\t\t\t\t\t\tMarko Heijnen\n\t\t\t\t\t\t\t\t\t<\/h2>\n\n\t\t\t\t<div class=\"wcorg-speaker-description\">\n\t\t\t\t\t<img alt='' src='https:\/\/secure.gravatar.com\/avatar\/b518a5cf86a31ce1c2a64870b6e15a1e63e9827afc75f8fc12f7095d0cce7fb4?s=100&#038;d=mm&#038;r=g' srcset='https:\/\/secure.gravatar.com\/avatar\/b518a5cf86a31ce1c2a64870b6e15a1e63e9827afc75f8fc12f7095d0cce7fb4?s=200&#038;d=mm&#038;r=g 2x' class='avatar avatar-100 photo' height='100' width='100' \/>\t\t\t\t\t<p>Marko is a contributing developer to the WordPress core from the Netherlands. Marko was heavily involved with development for the new image manipulation API in WordPress 3.5 and will be discussing this at WordCamp Norway. Marko can be found on his site at <a href=\"http:\/\/markoheijnen.com\/\" target=\"_blank\">markoheijnen.com<\/a> and Twitter at @<a href=\"http:\/\/twitter.com\/markoheijnen\/\" target=\"_blank\">markoheijnen<\/a>.<\/p>\n\t\t\t\t<\/div>\n\t\t\t<\/div>\n\n\t\t\n\t\t\t<!-- Organizers note: The id attribute is deprecated and only remains for backwards compatibility, please use the corresponding class to target individual speakers -->\n\t\t\t<div id=\"wcorg-speaker-christopher-cochran\" class=\"wcorg-speaker wcorg-speaker-christopher-cochran\">\n\t\t\t\t<h2>\n\t\t\t\t\t\n\t\t\t\t\t\tChristopher Cochran\n\t\t\t\t\t\t\t\t\t<\/h2>\n\n\t\t\t\t<div class=\"wcorg-speaker-description\">\n\t\t\t\t\t<img alt='' src='https:\/\/secure.gravatar.com\/avatar\/ac13800dc807d77cf41f94c1cd90c756d9a44fa5226150624eabdd2eb67615af?s=100&#038;d=mm&#038;r=g' srcset='https:\/\/secure.gravatar.com\/avatar\/ac13800dc807d77cf41f94c1cd90c756d9a44fa5226150624eabdd2eb67615af?s=200&#038;d=mm&#038;r=g 2x' class='avatar avatar-100 photo' height='100' width='100' \/>\t\t\t\t\t<p>Chris has been designing and engineering WordPress-centric solutions for years. A true Design Engineer to his core, Chris is the guy that picks out typefaces in the real world. He has taken college courses in Illustration and Graphic Design, and has a minor in psychology. Chris believes that design is tactile; in fact, he still starts his designs with paper and pencil. When he is not designing or developing, he can often be found doodling in a sketchbook, playing music (he plays both piano and guitar), or in the kitchen cooking.<\/p>\n\t\t\t\t<\/div>\n\t\t\t<\/div>\n\n\t\t\n\t\t\t<!-- Organizers note: The id attribute is deprecated and only remains for backwards compatibility, please use the corresponding class to target individual speakers -->\n\t\t\t<div id=\"wcorg-speaker-barry-kooij\" class=\"wcorg-speaker wcorg-speaker-barry-kooij\">\n\t\t\t\t<h2>\n\t\t\t\t\t\n\t\t\t\t\t\tBarry Kooij\n\t\t\t\t\t\t\t\t\t<\/h2>\n\n\t\t\t\t<div class=\"wcorg-speaker-description\">\n\t\t\t\t\t<img alt='' src='https:\/\/secure.gravatar.com\/avatar\/b9be11e6fb1338679da1b7297ce11115ece6a615c13d805fd088ef01776824b6?s=100&#038;d=mm&#038;r=g' srcset='https:\/\/secure.gravatar.com\/avatar\/b9be11e6fb1338679da1b7297ce11115ece6a615c13d805fd088ef01776824b6?s=200&#038;d=mm&#038;r=g 2x' class='avatar avatar-100 photo' height='100' width='100' \/>\t\t\t\t\t<p>At <a href=\"http:\/\/yoast.com\/\" target=\"_blank\">Yoast<\/a>, Barry is a senior developer and the main sparring partner of Joost for all things code. In his free time, Barry likes giving back by creating WordPress plugins and contributing to core and various opensource projects. He also likes to visit and speak at WordPress meetups and WordCamps and is the organiser of the Dutch WordPress meetup in Tilburg. You can find Barry at Twitter at @<a href=\"http:\/\/twitter.com\/CageNL\/\" target=\"_blank\">CageNL<\/a><\/p>\n\t\t\t\t<\/div>\n\t\t\t<\/div>\n\n\t\t\n\t\t\t<!-- Organizers note: The id attribute is deprecated and only remains for backwards compatibility, please use the corresponding class to target individual speakers -->\n\t\t\t<div id=\"wcorg-speaker-coen-jacobs\" class=\"wcorg-speaker wcorg-speaker-coen-jacobs\">\n\t\t\t\t<h2>\n\t\t\t\t\t\n\t\t\t\t\t\tCoen Jacobs\n\t\t\t\t\t\t\t\t\t<\/h2>\n\n\t\t\t\t<div class=\"wcorg-speaker-description\">\n\t\t\t\t\t<img alt='' src='https:\/\/secure.gravatar.com\/avatar\/28e1c769aa29dc3241c46f6e5296acdb5e8c8ff4648081ab7df4b45152bc6d9e?s=100&#038;d=mm&#038;r=g' srcset='https:\/\/secure.gravatar.com\/avatar\/28e1c769aa29dc3241c46f6e5296acdb5e8c8ff4648081ab7df4b45152bc6d9e?s=200&#038;d=mm&#038;r=g 2x' class='avatar avatar-100 photo' height='100' width='100' \/>\t\t\t\t\t<p>Coen Jacobs, a developer based in the Netherlands, has been working with WordPress since the late 1.x versions. Over the years he has gotten himself into all kinds of work, from writing custom plugins to core contributing. He is currently employed at <a href=\"http:\/\/woothemes.com\/\" target=\"_blank\">WooThemes<\/a> and working specifically with core WooCommerce development.<\/p>\n\t\t\t\t<\/div>\n\t\t\t<\/div>\n\n\t\t\n\t\t\t<!-- Organizers note: The id attribute is deprecated and only remains for backwards compatibility, please use the corresponding class to target individual speakers -->\n\t\t\t<div id=\"wcorg-speaker-andrey-rarst-savchenko\" class=\"wcorg-speaker wcorg-speaker-andrey-rarst-savchenko\">\n\t\t\t\t<h2>\n\t\t\t\t\t\n\t\t\t\t\t\tAndrey &#8220;Rarst&#8221; Savchenko\n\t\t\t\t\t\t\t\t\t<\/h2>\n\n\t\t\t\t<div class=\"wcorg-speaker-description\">\n\t\t\t\t\t<img alt='' src='https:\/\/secure.gravatar.com\/avatar\/689ddc4f33541ac4a001d247e560f8805d219a95e7e42a16e0d22b9409f385cb?s=100&#038;d=mm&#038;r=g' srcset='https:\/\/secure.gravatar.com\/avatar\/689ddc4f33541ac4a001d247e560f8805d219a95e7e42a16e0d22b9409f385cb?s=200&#038;d=mm&#038;r=g 2x' class='avatar avatar-100 photo' height='100' width='100' \/>\t\t\t\t\t<p>Rarst is cynical, sleepy, and much into computers. WordPress developer (sometimes), WPSE community moderator, and lately spending a lot of time wandering outside WordPress bubble towards exciting things for his professional progression and amusement.<\/p>\n\t\t\t\t<\/div>\n\t\t\t<\/div>\n\n\t\t\n\t\t\t<!-- Organizers note: The id attribute is deprecated and only remains for backwards compatibility, please use the corresponding class to target individual speakers -->\n\t\t\t<div id=\"wcorg-speaker-ryan-hellyer\" class=\"wcorg-speaker wcorg-speaker-ryan-hellyer\">\n\t\t\t\t<h2>\n\t\t\t\t\t\n\t\t\t\t\t\tRyan Hellyer\n\t\t\t\t\t\t\t\t\t<\/h2>\n\n\t\t\t\t<div class=\"wcorg-speaker-description\">\n\t\t\t\t\t<img alt='' src='https:\/\/secure.gravatar.com\/avatar\/344653ee76e4fc90cb406062cd8a6fc04977571f5eb09af7ae58736249d65f98?s=100&#038;d=mm&#038;r=g' srcset='https:\/\/secure.gravatar.com\/avatar\/344653ee76e4fc90cb406062cd8a6fc04977571f5eb09af7ae58736249d65f98?s=200&#038;d=mm&#038;r=g 2x' class='avatar avatar-100 photo' height='100' width='100' \/>\t\t\t\t\t<p>Ryan Hellyer, a Web Engineer at <a href=\"http:\/\/10up.com\/\" target=\"_blank\">10up<\/a>, originally started out as a chemist, but after a decade of science geekery, he decided to trade in the test tubes and spectrometers for a career in the wonderful world of WordPress. Ryan has worked on projects ranging from e-commerce portals to government websites to security audits, with everything in between.<\/p>\n\t\t\t\t<\/div>\n\t\t\t<\/div>\n\n\t\t\n\t\t\t<!-- Organizers note: The id attribute is deprecated and only remains for backwards compatibility, please use the corresponding class to target individual speakers -->\n\t\t\t<div id=\"wcorg-speaker-amit-kvint\" class=\"wcorg-speaker wcorg-speaker-amit-kvint\">\n\t\t\t\t<h2>\n\t\t\t\t\t\n\t\t\t\t\t\tAmit Kvint\n\t\t\t\t\t\t\t\t\t<\/h2>\n\n\t\t\t\t<div class=\"wcorg-speaker-description\">\n\t\t\t\t\t<img alt='' src='https:\/\/secure.gravatar.com\/avatar\/5126c69c4f43fbc6eb54a865b6fab0a5401d9cd46ef87ee61141339d4041a38e?s=100&#038;d=mm&#038;r=g' srcset='https:\/\/secure.gravatar.com\/avatar\/5126c69c4f43fbc6eb54a865b6fab0a5401d9cd46ef87ee61141339d4041a38e?s=200&#038;d=mm&#038;r=g 2x' class='avatar avatar-100 photo' height='100' width='100' \/>\t\t\t\t\t<p>Amit is a web developer based in the south of Spain with his family, where it\u2019s warm and sunny \ud83d\ude09 He is creating for the web since the 90\u2019s and with WordPress since he came across it. Never made a single language website he ended up working for <a href=\"http:\/\/wpml.org\/\" target=\"_blank\">WPML<\/a> where he is currently the Spanish forum moderator, behind theme compatibility and does all kind of other stuff\u2026<\/p>\n\t\t\t\t<\/div>\n\t\t\t<\/div>\n\n\t\t\n\t\t\t<!-- Organizers note: The id attribute is deprecated and only remains for backwards compatibility, please use the corresponding class to target individual speakers -->\n\t\t\t<div id=\"wcorg-speaker-peter-gramantick\" class=\"wcorg-speaker wcorg-speaker-peter-gramantick\">\n\t\t\t\t<h2>\n\t\t\t\t\t\n\t\t\t\t\t\tPeter Gramantick\n\t\t\t\t\t\t\t\t\t<\/h2>\n\n\t\t\t\t<div class=\"wcorg-speaker-description\">\n\t\t\t\t\t<img alt='' src='https:\/\/secure.gravatar.com\/avatar\/fd299c3f00a7b3db5138e83f299a270b62ade4faee1ba18a5cabd75340ea3e92?s=100&#038;d=mm&#038;r=g' srcset='https:\/\/secure.gravatar.com\/avatar\/fd299c3f00a7b3db5138e83f299a270b62ade4faee1ba18a5cabd75340ea3e92?s=200&#038;d=mm&#038;r=g 2x' class='avatar avatar-100 photo' height='100' width='100' \/>\t\t\t\t\t<p>Member of IT Security business over 10 years already. Spent most of this time in the AVG Anti-Virus as a Virus Analyst, later focused on the mobile malware. Right now, working for <a href=\"http:\/\/sucuri.net\/\" target=\"_blank\">SUCURI<\/a> as a Malware Researcher and the scope of this job is again malware analysis, working on new detection methods but also close cooperation with the Sucuri Remediation Team while cleaning infected sites.<\/p>\n\t\t\t\t<\/div>\n\t\t\t<\/div>\n\n\t\t\n\t\t\t<!-- Organizers note: The id attribute is deprecated and only remains for backwards compatibility, please use the corresponding class to target individual speakers -->\n\t\t\t<div id=\"wcorg-speaker-thomas-bensmann\" class=\"wcorg-speaker wcorg-speaker-thomas-bensmann\">\n\t\t\t\t<h2>\n\t\t\t\t\t\n\t\t\t\t\t\tThomas Bensmann\n\t\t\t\t\t\t\t\t\t<\/h2>\n\n\t\t\t\t<div class=\"wcorg-speaker-description\">\n\t\t\t\t\t<img alt='' src='https:\/\/secure.gravatar.com\/avatar\/4044404793956b31542e2cf1e5f1187d37ffd11a4bdd37ffca1d21ae7e0add87?s=100&#038;d=mm&#038;r=g' srcset='https:\/\/secure.gravatar.com\/avatar\/4044404793956b31542e2cf1e5f1187d37ffd11a4bdd37ffca1d21ae7e0add87?s=200&#038;d=mm&#038;r=g 2x' class='avatar avatar-100 photo' height='100' width='100' \/>\t\t\t\t\t<p>Thomas is a lead developer and solutions architect at <a href=\"http:\/\/metronet.no\/\" target=\"_blank\">Metronet<\/a> and has a history of working with mobile development and mobile strategy. His talk will focus on website performance and optimization. You can find him on twitter at <a href=\"http:\/\/twitter.com\/thomasmb\/\" target=\"_blank\">@thomasmb<\/a> or at his blog <a href=\"http:\/\/bensmann.no\/\" target=\"_blank\">bensmann.no<\/a>.<\/p>\n\t\t\t\t<\/div>\n\t\t\t<\/div>\n\n\t\t\n\t\t\t<!-- Organizers note: The id attribute is deprecated and only remains for backwards compatibility, please use the corresponding class to target individual speakers -->\n\t\t\t<div id=\"wcorg-speaker-mansoor-munib\" class=\"wcorg-speaker wcorg-speaker-mansoor-munib\">\n\t\t\t\t<h2>\n\t\t\t\t\t\n\t\t\t\t\t\tMansoor Munib\n\t\t\t\t\t\t\t\t\t<\/h2>\n\n\t\t\t\t<div class=\"wcorg-speaker-description\">\n\t\t\t\t\t<img alt='' src='https:\/\/secure.gravatar.com\/avatar\/6ee183a4153e1c17932e9b7fb9f946e46594a7eb3cfd4fc76876a95485d145bc?s=100&#038;d=mm&#038;r=g' srcset='https:\/\/secure.gravatar.com\/avatar\/6ee183a4153e1c17932e9b7fb9f946e46594a7eb3cfd4fc76876a95485d145bc?s=200&#038;d=mm&#038;r=g 2x' class='avatar avatar-100 photo' height='100' width='100' \/>\t\t\t\t\t<p>Mansoor has done masters in programming languages from Sweden. He started his carrier in field of IT  in 2005. He has worked as a programmer in Educational Technology AIOU, Digitalspinners, Greensmile of Scandinavia, Dinwebb AB and is currently working at DW Interacitve. He developed his expertise in WordPress, Magento, Joomla, CakePHP, CodeIgniter and Android App development. Moreover very strong grip on front end development by using Bootstrap, jQuery and Less CSS. Always keen to share and exchange knowledge.<\/p>\n\t\t\t\t<\/div>\n\t\t\t<\/div>\n\n\t\t\n\t\t\t<!-- Organizers note: The id attribute is deprecated and only remains for backwards compatibility, please use the corresponding class to target individual speakers -->\n\t\t\t<div id=\"wcorg-speaker-brian-messenlehner\" class=\"wcorg-speaker wcorg-speaker-brian-messenlehner\">\n\t\t\t\t<h2>\n\t\t\t\t\t\n\t\t\t\t\t\tBrian Messenlehner\n\t\t\t\t\t\t\t\t\t<\/h2>\n\n\t\t\t\t<div class=\"wcorg-speaker-description\">\n\t\t\t\t\t<img alt='' src='https:\/\/secure.gravatar.com\/avatar\/0ab898aa74a884559462411fab7a94ba474b5a957dfdcd3c5d0d5b9c0edf1f78?s=100&#038;d=mm&#038;r=g' srcset='https:\/\/secure.gravatar.com\/avatar\/0ab898aa74a884559462411fab7a94ba474b5a957dfdcd3c5d0d5b9c0edf1f78?s=200&#038;d=mm&#038;r=g 2x' class='avatar avatar-100 photo' height='100' width='100' \/>\t\t\t\t\t<p>Brian is the co-founder of <a href=\"http:\/\/webdevstudios.com\/\" target=\"_blank\">WebDevStudios.com<\/a>, a WordPress only development shop. Since he comes from a background of building complex web applications, he has always looked at utilizing WordPress for more than a blogging system or basic CMS. Brian and the team at WDS have built several non traditional websites utilizing WordPress as an application framework.<\/p>\n\t\t\t\t<\/div>\n\t\t\t<\/div>\n\n\t\t\n\t<\/div>\n\n\t\n","protected":false},"excerpt":{"rendered":"","protected":false},"author":5716614,"featured_media":0,"parent":0,"menu_order":0,"comment_status":"open","ping_status":"open","template":"","meta":{"jetpack_post_was_ever_published":false,"footnotes":""},"class_list":["post-318485","page","type-page","status-publish","hentry"],"jetpack_sharing_enabled":true,"_links":{"self":[{"href":"https:\/\/norway.wordcamp.org\/2014\/wp-json\/wp\/v2\/pages\/318485","targetHints":{"allow":["GET"]}}],"collection":[{"href":"https:\/\/norway.wordcamp.org\/2014\/wp-json\/wp\/v2\/pages"}],"about":[{"href":"https:\/\/norway.wordcamp.org\/2014\/wp-json\/wp\/v2\/types\/page"}],"author":[{"embeddable":true,"href":"https:\/\/norway.wordcamp.org\/2014\/wp-json\/wp\/v2\/users\/5716614"}],"replies":[{"embeddable":true,"href":"https:\/\/norway.wordcamp.org\/2014\/wp-json\/wp\/v2\/comments?post=318485"}],"version-history":[{"count":10,"href":"https:\/\/norway.wordcamp.org\/2014\/wp-json\/wp\/v2\/pages\/318485\/revisions"}],"predecessor-version":[{"id":510542,"href":"https:\/\/norway.wordcamp.org\/2014\/wp-json\/wp\/v2\/pages\/318485\/revisions\/510542"}],"wp:attachment":[{"href":"https:\/\/norway.wordcamp.org\/2014\/wp-json\/wp\/v2\/media?parent=318485"}],"curies":[{"name":"wp","href":"https:\/\/api.w.org\/{rel}","templated":true}]}}