{"id":8,"date":"2014-10-07T21:03:31","date_gmt":"2014-10-07T21:03:31","guid":{"rendered":"https:\/\/2015.norway.wordcamp.org\/sponsors\/"},"modified":"2015-01-10T15:33:15","modified_gmt":"2015-01-10T15:33:15","slug":"sponsors","status":"publish","type":"page","link":"https:\/\/norway.wordcamp.org\/2015\/sponsors\/","title":{"rendered":"Sponsors"},"content":{"rendered":"\n\t\t<div class=\"sponsors\">\n\t\t\t\t\t\t\t\n\t\t\t\t<div class=\"sponsor-level diamond\">\n\t\t\t\t\t<h2 class=\"sponsor-level-title\">\n\t\t\t\t\t\tDiamond\t\t\t\t\t<\/h2>\n\n\t\t\t\t\t\n\t\t\t\t\t<div id=\"post-419\" class=\"sponsor post-419 wcb_sponsor type-wcb_sponsor status-publish has-post-thumbnail hentry wcb_sponsor_level-diamond\" >\n\t\t\t\t\t\t<h3 class=\"entry-title sponsor-title\">\n\t\t\t\t\t\t\t<a href=\"https:\/\/norway.wordcamp.org\/2015\/sponsor\/dekode\/\">\n\t\t\t\t\t\t\t\t<img loading=\"lazy\" decoding=\"async\" width=\"280\" height=\"150\" src=\"https:\/\/norway.wordcamp.org\/2015\/files\/2015\/01\/dekode.png\" class=\"attachment-post-thumbnail size-post-thumbnail wp-post-image\" alt=\"\" \/>\t\t\t\t\t\t\t<\/a>\n\t\t\t\t\t\t<\/h3>\n\n\t\t\t\t\t\t<div class=\"entry-content sponsor-description\">\n\t\t\t\t\t\t\t<p><a href=\"http:\/\/dekode.no\/\" target=\"_blank\" rel=\"nofollow\">Dekode<\/a> is a digital agency specializing in WordPress. 17 talented people &#8211; developers, designers, project managers and advisers &#8211; are working every day to create user-friendly and beautiful websites with a smart admin interface in WordPress. The projects we work on range from regular websites, online stores, intranets, campaign sites and other cool stuff. Some of our\u00a0customer references: Norad, Grieg Group, Trigger, KLP, SALMA, Netlife Research, the Green Party (The Green Party), Westerdals, Stormberg.<\/p>\n\t\t\t\t\t\t<\/div>\n\t\t\t\t\t<\/div>\n\n\t\t\t\t\t\n\t\t\t\t\t<div id=\"post-417\" class=\"sponsor post-417 wcb_sponsor type-wcb_sponsor status-publish has-post-thumbnail hentry wcb_sponsor_level-diamond\" >\n\t\t\t\t\t\t<h3 class=\"entry-title sponsor-title\">\n\t\t\t\t\t\t\t<a href=\"https:\/\/norway.wordcamp.org\/2015\/sponsor\/woothemes\/\">\n\t\t\t\t\t\t\t\t<img loading=\"lazy\" decoding=\"async\" width=\"280\" height=\"150\" src=\"https:\/\/norway.wordcamp.org\/2015\/files\/2015\/01\/woothemes-logo.png\" class=\"attachment-post-thumbnail size-post-thumbnail wp-post-image\" alt=\"\" \/>\t\t\t\t\t\t\t<\/a>\n\t\t\t\t\t\t<\/h3>\n\n\t\t\t\t\t\t<div class=\"entry-content sponsor-description\">\n\t\t\t\t\t\t\t<p><a href=\"http:\/\/woothemes.com\/\" target=\"_blank\" rel=\"nofollow\">WooThemes<\/a> is a proudly WordPress company of nearly 50 fifty people working in sixteen different countries. What started in 2008 as three WordPress enthusiasts from different countries sharing ideas over email is now an international team of designers, developers, support ninjas and marketing people, catering for a passionate and constantly growing community of hundreds of thousands of users. From humble beginnings selling a handful of commercial WordPress Themes we now offer a range of themes and plugins to extend WordPress experiences, including WooCommerce. Last year we hosted our first conference dedicated to WooCommerce with over 300 people gathering in SF in November. Proudly bootstrapped and built around a firm belief in work-life balance we have big ambitions to become the ultimate WordPress platform provider. Did we mention we&#8217;re hiring? <\/p>\n\t\t\t\t\t\t<\/div>\n\t\t\t\t\t<\/div>\n\n\t\t\t\t\t\n\t\t\t\t<\/div>\n\t\t\t\t\t\t\t\t\t\t\t\n\t\t\t\t<div class=\"sponsor-level silver\">\n\t\t\t\t\t<h2 class=\"sponsor-level-title\">\n\t\t\t\t\t\tSilver\t\t\t\t\t<\/h2>\n\n\t\t\t\t\t\n\t\t\t\t\t<div id=\"post-69\" class=\"sponsor post-69 wcb_sponsor type-wcb_sponsor status-publish has-post-thumbnail hentry wcb_sponsor_level-silver\" >\n\t\t\t\t\t\t<h3 class=\"entry-title sponsor-title\">\n\t\t\t\t\t\t\t<a href=\"https:\/\/norway.wordcamp.org\/2015\/sponsor\/jetpack\/\">\n\t\t\t\t\t\t\t\t<img loading=\"lazy\" decoding=\"async\" width=\"624\" height=\"131\" src=\"https:\/\/norway.wordcamp.org\/2015\/files\/2014\/11\/jetpack-logo-horizontal-940x198-624x131.png\" class=\"attachment-post-thumbnail size-post-thumbnail wp-post-image\" alt=\"\" srcset=\"https:\/\/norway.wordcamp.org\/2015\/files\/2014\/11\/jetpack-logo-horizontal-940x198-624x131.png 624w, https:\/\/norway.wordcamp.org\/2015\/files\/2014\/11\/jetpack-logo-horizontal-940x198-300x63.png 300w, https:\/\/norway.wordcamp.org\/2015\/files\/2014\/11\/jetpack-logo-horizontal-940x198-500x105.png 500w, https:\/\/norway.wordcamp.org\/2015\/files\/2014\/11\/jetpack-logo-horizontal-940x198.png 940w\" sizes=\"auto, (max-width: 624px) 100vw, 624px\" \/>\t\t\t\t\t\t\t<\/a>\n\t\t\t\t\t\t<\/h3>\n\n\t\t\t\t\t\t<div class=\"entry-content sponsor-description\">\n\t\t\t\t\t\t\t<p>Jetpack can supercharge your self-hosted site with a suite of the most powerful WordPress.com features.<\/p>\n\t\t\t\t\t\t<\/div>\n\t\t\t\t\t<\/div>\n\n\t\t\t\t\t\n\t\t\t\t<\/div>\n\t\t\t\t\t\t\t\n\t\t\t\t<div class=\"sponsor-level bronze\">\n\t\t\t\t\t<h2 class=\"sponsor-level-title\">\n\t\t\t\t\t\tBronze\t\t\t\t\t<\/h2>\n\n\t\t\t\t\t\n\t\t\t\t\t<div id=\"post-421\" class=\"sponsor post-421 wcb_sponsor type-wcb_sponsor status-publish has-post-thumbnail hentry wcb_sponsor_level-bronze\" >\n\t\t\t\t\t\t<h3 class=\"entry-title sponsor-title\">\n\t\t\t\t\t\t\t<a href=\"https:\/\/norway.wordcamp.org\/2015\/sponsor\/krokedil\/\">\n\t\t\t\t\t\t\t\t<img loading=\"lazy\" decoding=\"async\" width=\"300\" height=\"52\" src=\"https:\/\/norway.wordcamp.org\/2015\/files\/2015\/01\/krokedil.png\" class=\"attachment-post-thumbnail size-post-thumbnail wp-post-image\" alt=\"\" \/>\t\t\t\t\t\t\t<\/a>\n\t\t\t\t\t\t<\/h3>\n\n\t\t\t\t\t\t<div class=\"entry-content sponsor-description\">\n\t\t\t\t\t\t\t<p>Hi, <a href=\"http:\/\/krokedil.se\" target=\"_blank\" rel=\"nofollow\">Krokedil<\/a> is a WordPress agency based in Arvika, Sweden. We do custom theme and plugin development for clients in Sweden and Norway. We work a lot with WooCommerce and have developed some payment gateways for the Scandinavian market, such as Klarna, DIBS, PayEx and SveaWebPay.<\/p>\n<p><a href=\"http:\/\/krokedil.se\" target=\"_blank\" rel=\"nofollow\">http:\/\/krokedil.se<\/a><\/p>\n\t\t\t\t\t\t<\/div>\n\t\t\t\t\t<\/div>\n\n\t\t\t\t\t\n\t\t\t\t\t<div id=\"post-423\" class=\"sponsor post-423 wcb_sponsor type-wcb_sponsor status-publish has-post-thumbnail hentry wcb_sponsor_level-bronze\" >\n\t\t\t\t\t\t<h3 class=\"entry-title sponsor-title\">\n\t\t\t\t\t\t\t<a href=\"https:\/\/norway.wordcamp.org\/2015\/sponsor\/cssigniter\/\">\n\t\t\t\t\t\t\t\t<img loading=\"lazy\" decoding=\"async\" width=\"1000\" height=\"447\" src=\"https:\/\/norway.wordcamp.org\/2015\/files\/2015\/01\/ci_logo-1000x447.png\" class=\"attachment-post-thumbnail size-post-thumbnail wp-post-image\" alt=\"\" srcset=\"https:\/\/norway.wordcamp.org\/2015\/files\/2015\/01\/ci_logo-1000x447.png 1000w, https:\/\/norway.wordcamp.org\/2015\/files\/2015\/01\/ci_logo-300x134.png 300w, https:\/\/norway.wordcamp.org\/2015\/files\/2015\/01\/ci_logo-1024x458.png 1024w, https:\/\/norway.wordcamp.org\/2015\/files\/2015\/01\/ci_logo-500x224.png 500w, https:\/\/norway.wordcamp.org\/2015\/files\/2015\/01\/ci_logo.png 1208w\" sizes=\"auto, (max-width: 1000px) 100vw, 1000px\" \/>\t\t\t\t\t\t\t<\/a>\n\t\t\t\t\t\t<\/h3>\n\n\t\t\t\t\t\t<div class=\"entry-content sponsor-description\">\n\t\t\t\t\t\t\t<p><a href=\"http:\/\/cssigniter.com\/\" target=\"_blank\" rel=\"nofollow\">CSSIgniter<\/a> is a small team of designers &amp; WordPress developers based in Greece. We provide beautiful WordPress themes to small web design \/ development agencies, freelancers and small business owners around the world. We make sure that there aren\u2019t any confusing parts in our themes so users can concentrate on what really matters, their content. People really love us for our technical support too.<\/p>\n\t\t\t\t\t\t<\/div>\n\t\t\t\t\t<\/div>\n\n\t\t\t\t\t\n\t\t\t\t<\/div>\n\t\t\t\t\t\t\t\n\t\t\t\t<div class=\"sponsor-level supporter\">\n\t\t\t\t\t<h2 class=\"sponsor-level-title\">\n\t\t\t\t\t\tSupporter\t\t\t\t\t<\/h2>\n\n\t\t\t\t\t\n\t\t\t\t\t<div id=\"post-556\" class=\"sponsor post-556 wcb_sponsor type-wcb_sponsor status-publish has-post-thumbnail hentry wcb_sponsor_level-supporter\" >\n\t\t\t\t\t\t<h3 class=\"entry-title sponsor-title\">\n\t\t\t\t\t\t\t<a href=\"https:\/\/norway.wordcamp.org\/2015\/sponsor\/brklyn\/\">\n\t\t\t\t\t\t\t\t<img loading=\"lazy\" decoding=\"async\" width=\"280\" height=\"127\" src=\"https:\/\/norway.wordcamp.org\/2015\/files\/2015\/01\/BRKLYN.png\" class=\"attachment-post-thumbnail size-post-thumbnail wp-post-image\" alt=\"\" \/>\t\t\t\t\t\t\t<\/a>\n\t\t\t\t\t\t<\/h3>\n\n\t\t\t\t\t\t<div class=\"entry-content sponsor-description\">\n\t\t\t\t\t\t\t<p>We are a creative agency located in Flekkefjord, Norway. The Agency was established in 1983, but after 30 years of effort, it was time for a new generation of designers. In 2013, <a href=\"http:\/\/brklyn.no\/\" target=\"_blank\" rel=\"nofollow\">BRKLYN Design Studio<\/a> was born.<\/p>\n\t\t\t\t\t\t<\/div>\n\t\t\t\t\t<\/div>\n\n\t\t\t\t\t\n\t\t\t\t\t<div id=\"post-748\" class=\"sponsor post-748 wcb_sponsor type-wcb_sponsor status-publish has-post-thumbnail hentry wcb_sponsor_level-supporter\" >\n\t\t\t\t\t\t<h3 class=\"entry-title sponsor-title\">\n\t\t\t\t\t\t\t<a href=\"https:\/\/norway.wordcamp.org\/2015\/sponsor\/nettmaker\/\">\n\t\t\t\t\t\t\t\t<img loading=\"lazy\" decoding=\"async\" width=\"472\" height=\"180\" src=\"https:\/\/norway.wordcamp.org\/2015\/files\/2015\/01\/Web.jpg\" class=\"attachment-post-thumbnail size-post-thumbnail wp-post-image\" alt=\"\" srcset=\"https:\/\/norway.wordcamp.org\/2015\/files\/2015\/01\/Web.jpg 472w, https:\/\/norway.wordcamp.org\/2015\/files\/2015\/01\/Web-300x114.jpg 300w\" sizes=\"auto, (max-width: 472px) 100vw, 472px\" \/>\t\t\t\t\t\t\t<\/a>\n\t\t\t\t\t\t<\/h3>\n\n\t\t\t\t\t\t<div class=\"entry-content sponsor-description\">\n\t\t\t\t\t\t\t<p><a href=\"http:\/\/nettmaker.no\/\" target=\"_blank\" rel=\"nofollow\">Nettmaker<\/a> is proud to be a community sponsor of WordCamp Norway. WordPress is our preferred platform when creating digital solutions as websites and online stores for small and medium sized companies. We are located in Oslo and serve clients all over Norway.<\/p>\n\t\t\t\t\t\t<\/div>\n\t\t\t\t\t<\/div>\n\n\t\t\t\t\t\n\t\t\t\t\t<div id=\"post-791\" class=\"sponsor post-791 wcb_sponsor type-wcb_sponsor status-publish has-post-thumbnail hentry wcb_sponsor_level-supporter\" >\n\t\t\t\t\t\t<h3 class=\"entry-title sponsor-title\">\n\t\t\t\t\t\t\t<a href=\"https:\/\/norway.wordcamp.org\/2015\/sponsor\/nettpilot\/\">\n\t\t\t\t\t\t\t\t<img loading=\"lazy\" decoding=\"async\" width=\"235\" height=\"50\" src=\"https:\/\/norway.wordcamp.org\/2015\/files\/2015\/01\/NP-logo-svart-235-50.png\" class=\"attachment-post-thumbnail size-post-thumbnail wp-post-image\" alt=\"\" \/>\t\t\t\t\t\t\t<\/a>\n\t\t\t\t\t\t<\/h3>\n\n\t\t\t\t\t\t<div class=\"entry-content sponsor-description\">\n\t\t\t\t\t\t\t<p><a href=\"https:\/\/www.nettpilot.no\/\" target=\"_blank\" rel=\"nofollow\">Nettpilot<\/a> is a small Norwegian company specializing in WordPress for Ecommerce, conversion rate optimization and seach engine marketing. We help ambitous clients who wants to reach and attract new customers online by providing advise and tools encouraging them into both exploring and finding new ways of doing marketing online.<\/p>\n<p>Nettpilot has built webshops on both WP-E-Commerce, MarketPress and WooCommerce.<br \/>\nSince 2009 we have built and maintained Payment Solution plugins for both Dibs Payment  and Nets Netaxept.<br \/>\nWe have also made the Bring API Fraktguiden integration for WooCommerce.<\/p>\n<p>So far we have provided our services for more than 150 Scandinavian webshops based on WordPress and our aim is to double this number within a year.<\/p>\n<p>We are allways looking for better solutions that can help Scandinavian Webshop-owners. In 2015 we aim to make more great connections with Scandinavian plugin developers, and third party integration specialists in order to help them market and sell their solutions via our growing network of clients and partners.<br \/>\nSo if you have made a special Norwegian or Scandinavian plugin for a client or yourself,  we can get you out in front of more relevant potential customers.<\/p>\n\t\t\t\t\t\t<\/div>\n\t\t\t\t\t<\/div>\n\n\t\t\t\t\t\n\t\t\t\t\t<div id=\"post-853\" class=\"sponsor post-853 wcb_sponsor type-wcb_sponsor status-publish has-post-thumbnail hentry wcb_sponsor_level-supporter\" >\n\t\t\t\t\t\t<h3 class=\"entry-title sponsor-title\">\n\t\t\t\t\t\t\t<a href=\"https:\/\/norway.wordcamp.org\/2015\/sponsor\/webcode\/\">\n\t\t\t\t\t\t\t\t<img loading=\"lazy\" decoding=\"async\" width=\"1000\" height=\"158\" src=\"https:\/\/norway.wordcamp.org\/2015\/files\/2015\/02\/webcode_logo-1000x158.png\" class=\"attachment-post-thumbnail size-post-thumbnail wp-post-image\" alt=\"\" srcset=\"https:\/\/norway.wordcamp.org\/2015\/files\/2015\/02\/webcode_logo-1000x158.png 1000w, https:\/\/norway.wordcamp.org\/2015\/files\/2015\/02\/webcode_logo-300x47.png 300w, https:\/\/norway.wordcamp.org\/2015\/files\/2015\/02\/webcode_logo-1024x161.png 1024w, https:\/\/norway.wordcamp.org\/2015\/files\/2015\/02\/webcode_logo-500x79.png 500w, https:\/\/norway.wordcamp.org\/2015\/files\/2015\/02\/webcode_logo.png 1200w\" sizes=\"auto, (max-width: 1000px) 100vw, 1000px\" \/>\t\t\t\t\t\t\t<\/a>\n\t\t\t\t\t\t<\/h3>\n\n\t\t\t\t\t\t<div class=\"entry-content sponsor-description\">\n\t\t\t\t\t\t\t<p>Hi, we are <a href=\"https:\/\/webcode.no\" target=\"_blank\" rel=\"nofollow\">Webcode<\/a>! Webcode is a small digital agency located in Mandal. (The most southern town in Norway and the reason we are so tan..) Our job is to provide results for our clients by making Websites and digital marketing campaigns that actually work. We make all of our sites in WordPress and have been for a while. It\u2019s actually quite fun and we love doing it.<\/p>\n\t\t\t\t\t\t<\/div>\n\t\t\t\t\t<\/div>\n\n\t\t\t\t\t\n\t\t\t\t<\/div>\n\t\t\t\t\t\t\t\n\t\t\t\t<div class=\"sponsor-level wordcamp-champion\">\n\t\t\t\t\t<h2 class=\"sponsor-level-title\">\n\t\t\t\t\t\tWordCamp Champion\t\t\t\t\t<\/h2>\n\n\t\t\t\t\t\n\t\t\t\t\t<div id=\"post-20\" class=\"sponsor post-20 wcb_sponsor type-wcb_sponsor status-publish has-post-thumbnail hentry wcb_sponsor_level-wordcamp-champion\" >\n\t\t\t\t\t\t<h3 class=\"entry-title sponsor-title\">\n\t\t\t\t\t\t\t<a href=\"https:\/\/norway.wordcamp.org\/2015\/sponsor\/bluehost\/\">\n\t\t\t\t\t\t\t\t<img loading=\"lazy\" decoding=\"async\" width=\"624\" height=\"131\" src=\"https:\/\/norway.wordcamp.org\/2015\/files\/2014\/10\/bluehost-logo13-940x198-624x131.png\" class=\"attachment-post-thumbnail size-post-thumbnail wp-post-image\" alt=\"\" srcset=\"https:\/\/norway.wordcamp.org\/2015\/files\/2014\/10\/bluehost-logo13-940x198-624x131.png 624w, https:\/\/norway.wordcamp.org\/2015\/files\/2014\/10\/bluehost-logo13-940x198-300x63.png 300w, https:\/\/norway.wordcamp.org\/2015\/files\/2014\/10\/bluehost-logo13-940x198-500x105.png 500w, https:\/\/norway.wordcamp.org\/2015\/files\/2014\/10\/bluehost-logo13-940x198.png 940w\" sizes=\"auto, (max-width: 624px) 100vw, 624px\" \/>\t\t\t\t\t\t\t<\/a>\n\t\t\t\t\t\t<\/h3>\n\n\t\t\t\t\t\t<div class=\"entry-content sponsor-description\">\n\t\t\t\t\t\t\t<p><a href=\"http:\/\/bluehost.com\" rel=\"nofollow\">Bluehost<\/a> has been a WordPress partner since 2005 and powers over one million WordPress sites. Their goal is to provide outstanding hosting services and customer support for the best possible price. Bluehost is also constantly innovating and upgrading their services and infrastructure at no additional cost to their customers. Join the millions of other website owners that have already chosen Bluehost and see how they can help you with your site.<\/p>\n\t\t\t\t\t\t<\/div>\n\t\t\t\t\t<\/div>\n\n\t\t\t\t\t\n\t\t\t\t\t<div id=\"post-72\" class=\"sponsor post-72 wcb_sponsor type-wcb_sponsor status-publish has-post-thumbnail hentry wcb_sponsor_level-wordcamp-champion\" >\n\t\t\t\t\t\t<h3 class=\"entry-title sponsor-title\">\n\t\t\t\t\t\t\t<a href=\"https:\/\/norway.wordcamp.org\/2015\/sponsor\/planethoster\/\">\n\t\t\t\t\t\t\t\t<img loading=\"lazy\" decoding=\"async\" width=\"326\" height=\"101\" src=\"https:\/\/norway.wordcamp.org\/2015\/files\/2014\/11\/planethoster-WEB.png\" class=\"attachment-post-thumbnail size-post-thumbnail wp-post-image\" alt=\"\" srcset=\"https:\/\/norway.wordcamp.org\/2015\/files\/2014\/11\/planethoster-WEB.png 326w, https:\/\/norway.wordcamp.org\/2015\/files\/2014\/11\/planethoster-WEB-300x92.png 300w\" sizes=\"auto, (max-width: 326px) 100vw, 326px\" \/>\t\t\t\t\t\t\t<\/a>\n\t\t\t\t\t\t<\/h3>\n\n\t\t\t\t\t\t<div class=\"entry-content sponsor-description\">\n\t\t\t\t\t\t\t<p>PlanetHoster offers premium hosting solutions to WordPress users worldwide. Whether it\u2019s shared hosting, managed VPS, dedicated servers and much more, PlanetHoster\u2019s customers report that these affordable, feature-packed hosting solutions exceed their expectations. Their certified engineers are very experienced with WordPress. They work hard to assure that your WordPress site will run very fast and will be hosted in a secure, 24\/7 monitored environment. If you want to offer the best latency to your visitors by being hosted whether in Europe or in North America, PlanetHoster might be right for you.<\/p>\n\t\t\t\t\t\t<\/div>\n\t\t\t\t\t<\/div>\n\n\t\t\t\t\t\n\t\t\t\t<\/div>\n\t\t\t\t\t\t\t\n\t\t\t\t<div class=\"sponsor-level wordcamp-accomplice\">\n\t\t\t\t\t<h2 class=\"sponsor-level-title\">\n\t\t\t\t\t\tWordCamp Accomplice\t\t\t\t\t<\/h2>\n\n\t\t\t\t\t\n\t\t\t\t\t<div id=\"post-19\" class=\"sponsor post-19 wcb_sponsor type-wcb_sponsor status-publish has-post-thumbnail hentry wcb_sponsor_level-wordcamp-accomplice\" >\n\t\t\t\t\t\t<h3 class=\"entry-title sponsor-title\">\n\t\t\t\t\t\t\t<a href=\"https:\/\/norway.wordcamp.org\/2015\/sponsor\/wpml\/\">\n\t\t\t\t\t\t\t\t<img loading=\"lazy\" decoding=\"async\" width=\"624\" height=\"131\" src=\"https:\/\/norway.wordcamp.org\/2015\/files\/2014\/10\/wpml-web-940x198-624x131.png\" class=\"attachment-post-thumbnail size-post-thumbnail wp-post-image\" alt=\"\" srcset=\"https:\/\/norway.wordcamp.org\/2015\/files\/2014\/10\/wpml-web-940x198-624x131.png 624w, https:\/\/norway.wordcamp.org\/2015\/files\/2014\/10\/wpml-web-940x198-300x63.png 300w, https:\/\/norway.wordcamp.org\/2015\/files\/2014\/10\/wpml-web-940x198-500x105.png 500w, https:\/\/norway.wordcamp.org\/2015\/files\/2014\/10\/wpml-web-940x198.png 940w\" sizes=\"auto, (max-width: 624px) 100vw, 624px\" \/>\t\t\t\t\t\t\t<\/a>\n\t\t\t\t\t\t<\/h3>\n\n\t\t\t\t\t\t<div class=\"entry-content sponsor-description\">\n\t\t\t\t\t\t\t<p>WPML gj\u00f8r WordPress nettsider flerspr\u00e5klig. Den virker med hurtigbufring, SEO og E-Commerce programtillegg og tillater opprettelsen av komplette, flerspr\u00e5klige sider. WPML st\u00f8tter alt fra enkle blogger til st\u00f8rre foretak og organisasjons-sider.<\/p>\n<p>WPML gj\u00f8r at brukere kan oversette alt p\u00e5 nettsiden, inkludert innhold, menyer, elementer og til og med tema og programtilleggs-tekst. WPML st\u00f8tter over 400,000 kommersielle web-sider fra hele kloden.<\/p>\n<p>Mer informasjon om \u00e5 bli flerspr\u00e5klig kan du finne p\u00e5 WPML.org<\/p>\n<p>WPML turns WordPress websites multilingual. It works with caching, SEO and E-Commerce plugins, and allows the building of complete multilingual sites. WPML powers simple blogs as well as corporate and enterprise sites.<\/p>\n<p>WPML allows users to translate everything in the site, including content, menus, widgets and even theme and plugin texts. WPML powers over 400,000 commercial websites from all over the world.<\/p>\n<p>More information about going multilingual can be found at <a href=\"http:\/\/wpml.org\" rel=\"nofollow\">WPML.org<\/a><\/p>\n\t\t\t\t\t\t<\/div>\n\t\t\t\t\t<\/div>\n\n\t\t\t\t\t\n\t\t\t\t<\/div>\n\t\t\t\t\t<\/div>\n\n\t\t\n","protected":false},"excerpt":{"rendered":"","protected":false},"author":5716614,"featured_media":0,"parent":0,"menu_order":0,"comment_status":"closed","ping_status":"open","template":"","meta":{"jetpack_post_was_ever_published":false,"footnotes":""},"class_list":["post-8","page","type-page","status-publish","hentry"],"jetpack_shortlink":"https:\/\/wp.me\/P5kpUY-8","jetpack_sharing_enabled":true,"jetpack_likes_enabled":true,"_links":{"self":[{"href":"https:\/\/norway.wordcamp.org\/2015\/wp-json\/wp\/v2\/pages\/8","targetHints":{"allow":["GET"]}}],"collection":[{"href":"https:\/\/norway.wordcamp.org\/2015\/wp-json\/wp\/v2\/pages"}],"about":[{"href":"https:\/\/norway.wordcamp.org\/2015\/wp-json\/wp\/v2\/types\/page"}],"author":[{"embeddable":true,"href":"https:\/\/norway.wordcamp.org\/2015\/wp-json\/wp\/v2\/users\/5716614"}],"replies":[{"embeddable":true,"href":"https:\/\/norway.wordcamp.org\/2015\/wp-json\/wp\/v2\/comments?post=8"}],"version-history":[{"count":3,"href":"https:\/\/norway.wordcamp.org\/2015\/wp-json\/wp\/v2\/pages\/8\/revisions"}],"predecessor-version":[{"id":483,"href":"https:\/\/norway.wordcamp.org\/2015\/wp-json\/wp\/v2\/pages\/8\/revisions\/483"}],"wp:attachment":[{"href":"https:\/\/norway.wordcamp.org\/2015\/wp-json\/wp\/v2\/media?parent=8"}],"curies":[{"name":"wp","href":"https:\/\/api.w.org\/{rel}","templated":true}]}}